{"id":11,"date":"2025-10-25T05:14:47","date_gmt":"2025-10-25T05:14:47","guid":{"rendered":"https:\/\/realdecatorcetravel.com\/?page_id=11"},"modified":"2026-02-11T21:37:45","modified_gmt":"2026-02-11T21:37:45","slug":"que-hacer","status":"publish","type":"page","link":"https:\/\/realdecatorcetravel.com\/?page_id=11","title":{"rendered":"\u00bfQu\u00e9 hacer?"},"content":{"rendered":"\t\t<div data-elementor-type=\"wp-page\" data-elementor-id=\"11\" class=\"elementor elementor-11\">\n\t\t\t\t<div class=\"elementor-element elementor-element-4dd579d elementor-hidden-mobile e-flex e-con-boxed wpr-particle-no wpr-jarallax-no wpr-parallax-no wpr-sticky-section-no elementor-invisible e-con e-parent\" data-id=\"4dd579d\" data-element_type=\"container\" data-e-type=\"container\" data-settings=\"{&quot;background_background&quot;:&quot;classic&quot;,&quot;animation&quot;:&quot;fadeInLeft&quot;}\">\n\t\t\t\t\t<div class=\"e-con-inner\">\n\t\t\t\t\t<\/div>\n\t\t\t\t<\/div>\n\t\t<div class=\"elementor-element elementor-element-d956d54 elementor-hidden-desktop elementor-hidden-tablet e-flex e-con-boxed wpr-particle-no wpr-jarallax-no wpr-parallax-no wpr-sticky-section-no e-con e-parent\" data-id=\"d956d54\" data-element_type=\"container\" data-e-type=\"container\" data-settings=\"{&quot;background_background&quot;:&quot;classic&quot;}\">\n\t\t\t\t\t<div class=\"e-con-inner\">\n\t\t\t\t<div class=\"elementor-element elementor-element-416e727 elementor-widget elementor-widget-image\" data-id=\"416e727\" data-element_type=\"widget\" data-e-type=\"widget\" data-widget_type=\"image.default\">\n\t\t\t\t\t\t\t\t\t\t\t\t\t\t\t<img fetchpriority=\"high\" decoding=\"async\" width=\"501\" height=\"801\" src=\"https:\/\/realdecatorcetravel.com\/wp-content\/uploads\/2025\/10\/willys11-01.webp\" class=\"attachment-large size-large wp-image-1115\" alt=\"willys11-01\" srcset=\"https:\/\/realdecatorcetravel.com\/wp-content\/uploads\/2025\/10\/willys11-01.webp 501w, https:\/\/realdecatorcetravel.com\/wp-content\/uploads\/2025\/10\/willys11-01-188x300.webp 188w\" sizes=\"(max-width: 501px) 100vw, 501px\" \/>\t\t\t\t\t\t\t\t\t\t\t\t\t\t\t<\/div>\n\t\t\t\t\t<\/div>\n\t\t\t\t<\/div>\n\t\t<div class=\"elementor-element elementor-element-2717000 e-flex e-con-boxed wpr-particle-no wpr-jarallax-no wpr-parallax-no wpr-sticky-section-no e-con e-parent\" data-id=\"2717000\" data-element_type=\"container\" data-e-type=\"container\" data-settings=\"{&quot;background_background&quot;:&quot;classic&quot;}\">\n\t\t\t\t\t<div class=\"e-con-inner\">\n\t\t<div class=\"elementor-element elementor-element-94ddf7c e-con-full e-flex wpr-particle-no wpr-jarallax-no wpr-parallax-no wpr-sticky-section-no e-con e-child\" data-id=\"94ddf7c\" data-element_type=\"container\" data-e-type=\"container\">\n\t\t<div class=\"elementor-element elementor-element-9d26ada e-con-full e-flex wpr-particle-no wpr-jarallax-no wpr-parallax-no wpr-sticky-section-no e-con e-child\" data-id=\"9d26ada\" data-element_type=\"container\" data-e-type=\"container\">\n\t\t\t\t<div class=\"elementor-element elementor-element-7c72550 elementor-widget elementor-widget-heading\" data-id=\"7c72550\" data-element_type=\"widget\" data-e-type=\"widget\" data-widget_type=\"heading.default\">\n\t\t\t\t\t<h1 class=\"elementor-heading-title elementor-size-default\">Recorridos en willys <\/h1>\t\t\t\t<\/div>\n\t\t\t\t<\/div>\n\t\t<div class=\"elementor-element elementor-element-e7c6326 e-con-full e-flex wpr-particle-no wpr-jarallax-no wpr-parallax-no wpr-sticky-section-no e-con e-child\" data-id=\"e7c6326\" data-element_type=\"container\" data-e-type=\"container\">\n\t\t\t\t<div class=\"elementor-element elementor-element-4dfa3ba elementor-widget elementor-widget-text-editor\" data-id=\"4dfa3ba\" data-element_type=\"widget\" data-e-type=\"widget\" data-widget_type=\"text-editor.default\">\n\t\t\t\t\t\t\t\t\t<p>Descubre la magia de Real de Catorce como nunca antes: a bordo de un legendario <strong data-start=\"191\" data-end=\"205\">Willys 4&#215;4<\/strong>, el veh\u00edculo cl\u00e1sico que domina las monta\u00f1as del altiplano potosino. Vive una experiencia llena de historia, aventura y paisajes que te dejar\u00e1n sin aliento.<\/p>\t\t\t\t\t\t\t\t<\/div>\n\t\t\t\t<\/div>\n\t\t\t\t<\/div>\n\t\t<div class=\"elementor-element elementor-element-5670e66 e-con-full e-flex wpr-particle-no wpr-jarallax-no wpr-parallax-no wpr-sticky-section-no e-con e-child\" data-id=\"5670e66\" data-element_type=\"container\" data-e-type=\"container\">\n\t\t\t\t<div class=\"elementor-element elementor-element-8222392 elementor-widget elementor-widget-shortcode\" data-id=\"8222392\" data-element_type=\"widget\" data-e-type=\"widget\" data-widget_type=\"shortcode.default\">\n\t\t\t\t\t\t\t<div class=\"elementor-shortcode\"><div class=\"nta_wa_button\" data-id=\"118\" data-info=\"{&quot;name&quot;:&quot;&quot;,&quot;info&quot;:{&quot;number&quot;:&quot;+5214881017018&quot;,&quot;title&quot;:&quot;Real de Catorce Travel&quot;,&quot;predefinedText&quot;:&quot;&quot;,&quot;willBeBackText&quot;:&quot;I will be back in [njwa_time_work]&quot;,&quot;dayOffsText&quot;:&quot;I will be back soon&quot;,&quot;isAlwaysAvailable&quot;:&quot;ON&quot;,&quot;daysOfWeekWorking&quot;:{&quot;sunday&quot;:{&quot;isWorkingOnDay&quot;:&quot;OFF&quot;,&quot;workHours&quot;:[{&quot;startTime&quot;:&quot;08:00&quot;,&quot;endTime&quot;:&quot;17:30&quot;}]},&quot;monday&quot;:{&quot;isWorkingOnDay&quot;:&quot;OFF&quot;,&quot;workHours&quot;:[{&quot;startTime&quot;:&quot;08:00&quot;,&quot;endTime&quot;:&quot;17:30&quot;}]},&quot;tuesday&quot;:{&quot;isWorkingOnDay&quot;:&quot;OFF&quot;,&quot;workHours&quot;:[{&quot;startTime&quot;:&quot;08:00&quot;,&quot;endTime&quot;:&quot;17:30&quot;}]},&quot;wednesday&quot;:{&quot;isWorkingOnDay&quot;:&quot;OFF&quot;,&quot;workHours&quot;:[{&quot;startTime&quot;:&quot;08:00&quot;,&quot;endTime&quot;:&quot;17:30&quot;}]},&quot;thursday&quot;:{&quot;isWorkingOnDay&quot;:&quot;OFF&quot;,&quot;workHours&quot;:[{&quot;startTime&quot;:&quot;08:00&quot;,&quot;endTime&quot;:&quot;17:30&quot;}]},&quot;friday&quot;:{&quot;isWorkingOnDay&quot;:&quot;OFF&quot;,&quot;workHours&quot;:[{&quot;startTime&quot;:&quot;08:00&quot;,&quot;endTime&quot;:&quot;17:30&quot;}]},&quot;saturday&quot;:{&quot;isWorkingOnDay&quot;:&quot;OFF&quot;,&quot;workHours&quot;:[{&quot;startTime&quot;:&quot;08:00&quot;,&quot;endTime&quot;:&quot;17:30&quot;}]}}},&quot;styles&quot;:{&quot;type&quot;:&quot;square&quot;,&quot;backgroundColor&quot;:&quot;#ff7700&quot;,&quot;textColor&quot;:&quot;#fff&quot;,&quot;label&quot;:&quot;\\u00bfBuscan hotel? \\u00a1Te ayudamos!&quot;,&quot;width&quot;:300,&quot;height&quot;:64},&quot;avatar&quot;:false,&quot;options&quot;:{&quot;display&quot;:{&quot;displayCondition&quot;:&quot;showAllPage&quot;,&quot;includePages&quot;:[&quot;15&quot;,&quot;13&quot;,&quot;11&quot;,&quot;9&quot;,&quot;6&quot;],&quot;excludePages&quot;:[],&quot;includePosts&quot;:[],&quot;showOnDesktop&quot;:&quot;ON&quot;,&quot;showOnMobile&quot;:&quot;ON&quot;,&quot;time_symbols&quot;:&quot;h:m&quot;},&quot;styles&quot;:{&quot;title&quot;:&quot;\\u00bfBuscan hotel? \\u00a1Te ayudamos!&quot;,&quot;responseText&quot;:&quot;-&quot;,&quot;description&quot;:&quot;\\u00bfQuieren recomendaciones personalizadas?&quot;,&quot;backgroundColor&quot;:&quot;#f0741a&quot;,&quot;textColor&quot;:&quot;#fff&quot;,&quot;titleSize&quot;:&quot;20&quot;,&quot;accountNameSize&quot;:&quot;20&quot;,&quot;descriptionTextSize&quot;:&quot;20&quot;,&quot;regularTextSize&quot;:&quot;20&quot;,&quot;scrollHeight&quot;:&quot;500&quot;,&quot;isShowScroll&quot;:&quot;OFF&quot;,&quot;isShowResponseText&quot;:&quot;OFF&quot;,&quot;btnLabel&quot;:&quot;\\u00bfBuscan hotel?&lt;strong&gt; \\u00a1Te ayudamos!&lt;\\\/strong&gt;&quot;,&quot;btnLabelWidth&quot;:&quot;156&quot;,&quot;btnPosition&quot;:&quot;right&quot;,&quot;btnLeftDistance&quot;:&quot;30&quot;,&quot;btnRightDistance&quot;:&quot;43&quot;,&quot;btnBottomDistance&quot;:&quot;90&quot;,&quot;isShowBtnLabel&quot;:&quot;ON&quot;,&quot;isShowGDPR&quot;:&quot;OFF&quot;,&quot;gdprContent&quot;:&quot;Please accept our &lt;a href=\\&quot;https:\\\/\\\/ninjateam.org\\\/privacy-policy\\\/\\&quot;&gt;privacy policy&lt;\\\/a&gt; first to start a conversation.&quot;},&quot;analytics&quot;:{&quot;enabledGoogle&quot;:&quot;OFF&quot;,&quot;enabledFacebook&quot;:&quot;OFF&quot;,&quot;enabledGoogleGA4&quot;:&quot;OFF&quot;}},&quot;gdprStatus&quot;:false,&quot;defaultAvatar&quot;:&quot;https:\\\/\\\/realdecatorcetravel.com\\\/wp-content\\\/plugins\\\/wp-whatsapp\\\/assets\\\/img\\\/whatsapp_logo.svg&quot;}\"><\/div><\/div>\n\t\t\t\t\t\t<\/div>\n\t\t\t\t<\/div>\n\t\t\t\t\t<\/div>\n\t\t\t\t<\/div>\n\t\t\t\t<\/div>\n\t\t","protected":false},"excerpt":{"rendered":"<p>Vive la aventura en Real de Catorce. Recorre sus calles empedradas, explora t\u00faneles y minas, monta a caballo por el desierto o contempla el atardecer desde el cerro del Quemado. Cada experiencia te acerca a la esencia de este Pueblo M\u00e1gico.<\/p>\n","protected":false},"author":1,"featured_media":1171,"parent":0,"menu_order":0,"comment_status":"closed","ping_status":"closed","template":"","meta":{"_acf_changed":false,"footnotes":""},"class_list":["post-11","page","type-page","status-publish","has-post-thumbnail","hentry"],"acf":[],"yoast_head":"<!-- This site is optimized with the Yoast SEO plugin v27.2 - https:\/\/yoast.com\/product\/yoast-seo-wordpress\/ -->\n<title>\u00bfQu\u00e9 hacer? - realdecatorcetravel.com<\/title>\n<meta name=\"robots\" content=\"index, follow, max-snippet:-1, max-image-preview:large, max-video-preview:-1\" \/>\n<link rel=\"canonical\" href=\"https:\/\/realdecatorcetravel.com\/?page_id=11\" \/>\n<meta property=\"og:locale\" content=\"es_MX\" \/>\n<meta property=\"og:type\" content=\"article\" \/>\n<meta property=\"og:title\" content=\"\u00bfQu\u00e9 hacer? - realdecatorcetravel.com\" \/>\n<meta property=\"og:description\" content=\"Vive la aventura en Real de Catorce. Recorre sus calles empedradas, explora t\u00faneles y minas, monta a caballo por el desierto o contempla el atardecer desde el cerro del Quemado. Cada experiencia te acerca a la esencia de este Pueblo M\u00e1gico.\" \/>\n<meta property=\"og:url\" content=\"https:\/\/realdecatorcetravel.com\/?page_id=11\" \/>\n<meta property=\"og:site_name\" content=\"realdecatorcetravel.com\" \/>\n<meta property=\"article:modified_time\" content=\"2026-02-11T21:37:45+00:00\" \/>\n<meta property=\"og:image\" content=\"https:\/\/realdecatorcetravel.com\/wp-content\/uploads\/2025\/10\/willys1a-01.png\" \/>\n\t<meta property=\"og:image:width\" content=\"700\" \/>\n\t<meta property=\"og:image:height\" content=\"1100\" \/>\n\t<meta property=\"og:image:type\" content=\"image\/png\" \/>\n<meta name=\"twitter:card\" content=\"summary_large_image\" \/>\n<meta name=\"twitter:label1\" content=\"Tiempo de lectura\" \/>\n\t<meta name=\"twitter:data1\" content=\"1 minuto\" \/>\n<script type=\"application\/ld+json\" class=\"yoast-schema-graph\">{\"@context\":\"https:\/\/schema.org\",\"@graph\":[{\"@type\":\"WebPage\",\"@id\":\"https:\/\/realdecatorcetravel.com\/?page_id=11\",\"url\":\"https:\/\/realdecatorcetravel.com\/?page_id=11\",\"name\":\"\u00bfQu\u00e9 hacer? - realdecatorcetravel.com\",\"isPartOf\":{\"@id\":\"https:\/\/realdecatorcetravel.com\/#website\"},\"primaryImageOfPage\":{\"@id\":\"https:\/\/realdecatorcetravel.com\/?page_id=11#primaryimage\"},\"image\":{\"@id\":\"https:\/\/realdecatorcetravel.com\/?page_id=11#primaryimage\"},\"thumbnailUrl\":\"https:\/\/realdecatorcetravel.com\/wp-content\/uploads\/2025\/10\/willys1a-01.png\",\"datePublished\":\"2025-10-25T05:14:47+00:00\",\"dateModified\":\"2026-02-11T21:37:45+00:00\",\"breadcrumb\":{\"@id\":\"https:\/\/realdecatorcetravel.com\/?page_id=11#breadcrumb\"},\"inLanguage\":\"es\",\"potentialAction\":[{\"@type\":\"ReadAction\",\"target\":[\"https:\/\/realdecatorcetravel.com\/?page_id=11\"]}]},{\"@type\":\"ImageObject\",\"inLanguage\":\"es\",\"@id\":\"https:\/\/realdecatorcetravel.com\/?page_id=11#primaryimage\",\"url\":\"https:\/\/realdecatorcetravel.com\/wp-content\/uploads\/2025\/10\/willys1a-01.png\",\"contentUrl\":\"https:\/\/realdecatorcetravel.com\/wp-content\/uploads\/2025\/10\/willys1a-01.png\",\"width\":700,\"height\":1100,\"caption\":\"willys1a-01\"},{\"@type\":\"BreadcrumbList\",\"@id\":\"https:\/\/realdecatorcetravel.com\/?page_id=11#breadcrumb\",\"itemListElement\":[{\"@type\":\"ListItem\",\"position\":1,\"name\":\"Inicio\",\"item\":\"https:\/\/realdecatorcetravel.com\/\"},{\"@type\":\"ListItem\",\"position\":2,\"name\":\"\u00bfQu\u00e9 hacer?\"}]},{\"@type\":\"WebSite\",\"@id\":\"https:\/\/realdecatorcetravel.com\/#website\",\"url\":\"https:\/\/realdecatorcetravel.com\/\",\"name\":\"realdecatorcetravel.com\",\"description\":\"Un espacio para conectar a familias con hoteles, restaurantes y experiencias locales, impulsando un turismo cercano y aut\u00e9ntico.\",\"publisher\":{\"@id\":\"https:\/\/realdecatorcetravel.com\/#organization\"},\"potentialAction\":[{\"@type\":\"SearchAction\",\"target\":{\"@type\":\"EntryPoint\",\"urlTemplate\":\"https:\/\/realdecatorcetravel.com\/?s={search_term_string}\"},\"query-input\":{\"@type\":\"PropertyValueSpecification\",\"valueRequired\":true,\"valueName\":\"search_term_string\"}}],\"inLanguage\":\"es\"},{\"@type\":\"Organization\",\"@id\":\"https:\/\/realdecatorcetravel.com\/#organization\",\"name\":\"realdecatorcetravel.com\",\"url\":\"https:\/\/realdecatorcetravel.com\/\",\"logo\":{\"@type\":\"ImageObject\",\"inLanguage\":\"es\",\"@id\":\"https:\/\/realdecatorcetravel.com\/#\/schema\/logo\/image\/\",\"url\":\"https:\/\/realdecatorcetravel.com\/wp-content\/uploads\/2025\/10\/cropped-favicon-1.webp\",\"contentUrl\":\"https:\/\/realdecatorcetravel.com\/wp-content\/uploads\/2025\/10\/cropped-favicon-1.webp\",\"width\":512,\"height\":512,\"caption\":\"realdecatorcetravel.com\"},\"image\":{\"@id\":\"https:\/\/realdecatorcetravel.com\/#\/schema\/logo\/image\/\"}}]}<\/script>\n<!-- \/ Yoast SEO plugin. -->","yoast_head_json":{"title":"\u00bfQu\u00e9 hacer? - realdecatorcetravel.com","robots":{"index":"index","follow":"follow","max-snippet":"max-snippet:-1","max-image-preview":"max-image-preview:large","max-video-preview":"max-video-preview:-1"},"canonical":"https:\/\/realdecatorcetravel.com\/?page_id=11","og_locale":"es_MX","og_type":"article","og_title":"\u00bfQu\u00e9 hacer? - realdecatorcetravel.com","og_description":"Vive la aventura en Real de Catorce. Recorre sus calles empedradas, explora t\u00faneles y minas, monta a caballo por el desierto o contempla el atardecer desde el cerro del Quemado. Cada experiencia te acerca a la esencia de este Pueblo M\u00e1gico.","og_url":"https:\/\/realdecatorcetravel.com\/?page_id=11","og_site_name":"realdecatorcetravel.com","article_modified_time":"2026-02-11T21:37:45+00:00","og_image":[{"width":700,"height":1100,"url":"https:\/\/realdecatorcetravel.com\/wp-content\/uploads\/2025\/10\/willys1a-01.png","type":"image\/png"}],"twitter_card":"summary_large_image","twitter_misc":{"Tiempo de lectura":"1 minuto"},"schema":{"@context":"https:\/\/schema.org","@graph":[{"@type":"WebPage","@id":"https:\/\/realdecatorcetravel.com\/?page_id=11","url":"https:\/\/realdecatorcetravel.com\/?page_id=11","name":"\u00bfQu\u00e9 hacer? - realdecatorcetravel.com","isPartOf":{"@id":"https:\/\/realdecatorcetravel.com\/#website"},"primaryImageOfPage":{"@id":"https:\/\/realdecatorcetravel.com\/?page_id=11#primaryimage"},"image":{"@id":"https:\/\/realdecatorcetravel.com\/?page_id=11#primaryimage"},"thumbnailUrl":"https:\/\/realdecatorcetravel.com\/wp-content\/uploads\/2025\/10\/willys1a-01.png","datePublished":"2025-10-25T05:14:47+00:00","dateModified":"2026-02-11T21:37:45+00:00","breadcrumb":{"@id":"https:\/\/realdecatorcetravel.com\/?page_id=11#breadcrumb"},"inLanguage":"es","potentialAction":[{"@type":"ReadAction","target":["https:\/\/realdecatorcetravel.com\/?page_id=11"]}]},{"@type":"ImageObject","inLanguage":"es","@id":"https:\/\/realdecatorcetravel.com\/?page_id=11#primaryimage","url":"https:\/\/realdecatorcetravel.com\/wp-content\/uploads\/2025\/10\/willys1a-01.png","contentUrl":"https:\/\/realdecatorcetravel.com\/wp-content\/uploads\/2025\/10\/willys1a-01.png","width":700,"height":1100,"caption":"willys1a-01"},{"@type":"BreadcrumbList","@id":"https:\/\/realdecatorcetravel.com\/?page_id=11#breadcrumb","itemListElement":[{"@type":"ListItem","position":1,"name":"Inicio","item":"https:\/\/realdecatorcetravel.com\/"},{"@type":"ListItem","position":2,"name":"\u00bfQu\u00e9 hacer?"}]},{"@type":"WebSite","@id":"https:\/\/realdecatorcetravel.com\/#website","url":"https:\/\/realdecatorcetravel.com\/","name":"realdecatorcetravel.com","description":"Un espacio para conectar a familias con hoteles, restaurantes y experiencias locales, impulsando un turismo cercano y aut\u00e9ntico.","publisher":{"@id":"https:\/\/realdecatorcetravel.com\/#organization"},"potentialAction":[{"@type":"SearchAction","target":{"@type":"EntryPoint","urlTemplate":"https:\/\/realdecatorcetravel.com\/?s={search_term_string}"},"query-input":{"@type":"PropertyValueSpecification","valueRequired":true,"valueName":"search_term_string"}}],"inLanguage":"es"},{"@type":"Organization","@id":"https:\/\/realdecatorcetravel.com\/#organization","name":"realdecatorcetravel.com","url":"https:\/\/realdecatorcetravel.com\/","logo":{"@type":"ImageObject","inLanguage":"es","@id":"https:\/\/realdecatorcetravel.com\/#\/schema\/logo\/image\/","url":"https:\/\/realdecatorcetravel.com\/wp-content\/uploads\/2025\/10\/cropped-favicon-1.webp","contentUrl":"https:\/\/realdecatorcetravel.com\/wp-content\/uploads\/2025\/10\/cropped-favicon-1.webp","width":512,"height":512,"caption":"realdecatorcetravel.com"},"image":{"@id":"https:\/\/realdecatorcetravel.com\/#\/schema\/logo\/image\/"}}]}},"_hostinger_reach_plugin_has_subscription_block":false,"_hostinger_reach_plugin_is_elementor":false,"_links":{"self":[{"href":"https:\/\/realdecatorcetravel.com\/index.php?rest_route=\/wp\/v2\/pages\/11","targetHints":{"allow":["GET"]}}],"collection":[{"href":"https:\/\/realdecatorcetravel.com\/index.php?rest_route=\/wp\/v2\/pages"}],"about":[{"href":"https:\/\/realdecatorcetravel.com\/index.php?rest_route=\/wp\/v2\/types\/page"}],"author":[{"embeddable":true,"href":"https:\/\/realdecatorcetravel.com\/index.php?rest_route=\/wp\/v2\/users\/1"}],"replies":[{"embeddable":true,"href":"https:\/\/realdecatorcetravel.com\/index.php?rest_route=%2Fwp%2Fv2%2Fcomments&post=11"}],"version-history":[{"count":92,"href":"https:\/\/realdecatorcetravel.com\/index.php?rest_route=\/wp\/v2\/pages\/11\/revisions"}],"predecessor-version":[{"id":1862,"href":"https:\/\/realdecatorcetravel.com\/index.php?rest_route=\/wp\/v2\/pages\/11\/revisions\/1862"}],"wp:featuredmedia":[{"embeddable":true,"href":"https:\/\/realdecatorcetravel.com\/index.php?rest_route=\/wp\/v2\/media\/1171"}],"wp:attachment":[{"href":"https:\/\/realdecatorcetravel.com\/index.php?rest_route=%2Fwp%2Fv2%2Fmedia&parent=11"}],"curies":[{"name":"wp","href":"https:\/\/api.w.org\/{rel}","templated":true}]}}