{"id":1231,"date":"2025-10-30T17:57:39","date_gmt":"2025-10-30T17:57:39","guid":{"rendered":"https:\/\/realdecatorcetravel.com\/?page_id=1231"},"modified":"2025-12-02T04:21:17","modified_gmt":"2025-12-02T04:21:17","slug":"restaurantes","status":"publish","type":"page","link":"https:\/\/realdecatorcetravel.com\/?page_id=1231","title":{"rendered":"Restaurantes"},"content":{"rendered":"\t\t<div data-elementor-type=\"wp-page\" data-elementor-id=\"1231\" class=\"elementor elementor-1231\">\n\t\t\t\t<div class=\"elementor-element elementor-element-76023ff elementor-hidden-mobile e-flex e-con-boxed wpr-particle-no wpr-jarallax-no wpr-parallax-no wpr-sticky-section-no elementor-invisible e-con e-parent\" data-id=\"76023ff\" data-element_type=\"container\" data-e-type=\"container\" data-settings=\"{&quot;background_background&quot;:&quot;classic&quot;,&quot;animation&quot;:&quot;fadeInDown&quot;}\">\n\t\t\t\t\t<div class=\"e-con-inner\">\n\t\t\t\t\t<\/div>\n\t\t\t\t<\/div>\n\t\t<div class=\"elementor-element elementor-element-91f5905 e-flex e-con-boxed wpr-particle-no wpr-jarallax-no wpr-parallax-no wpr-sticky-section-no e-con e-parent\" data-id=\"91f5905\" data-element_type=\"container\" data-e-type=\"container\">\n\t\t\t\t\t<div class=\"e-con-inner\">\n\t\t\t\t<div class=\"elementor-element elementor-element-6b3c686 wpr-grid-columns-3 wpr-grid-columns--tablet2 wpr-grid-columns--mobile1 wpr-item-styles-inner elementor-widget elementor-widget-wpr-grid\" data-id=\"6b3c686\" data-element_type=\"widget\" data-e-type=\"widget\" data-widget_type=\"wpr-grid.default\">\n\t\t\t\t\t<ul class=\"wpr-grid-filters elementor-clearfix wpr-grid-filters-sep-right\"><li class=\" wpr-pointer-none wpr-pointer-line-fx wpr-pointer-fx-none\"><span  data-filter=\"*\" class=\"wpr-grid-filters-item wpr-active-filter \">All Posts<\/span><em class=\"wpr-grid-filters-sep\"><\/em><\/li><li class=\" wpr-pointer-none wpr-pointer-line-fx wpr-pointer-fx-none\"><span   data-ajax-filter=[\"category\",\"que-hacer\"]  data-filter=\".category-que-hacer\">\u00bfQue hacer?<\/span><em class=\"wpr-grid-filters-sep\"><\/em><\/li><li class=\" wpr-pointer-none wpr-pointer-line-fx wpr-pointer-fx-none\"><span   data-ajax-filter=[\"category\",\"hoteles\"]  data-filter=\".category-hoteles\">Hoteles<\/span><em class=\"wpr-grid-filters-sep\"><\/em><\/li><li class=\" wpr-pointer-none wpr-pointer-line-fx wpr-pointer-fx-none\"><span   data-ajax-filter=[\"category\",\"noticia\"]  data-filter=\".category-noticia\">Noticia<\/span><em class=\"wpr-grid-filters-sep\"><\/em><\/li><li class=\" wpr-pointer-none wpr-pointer-line-fx wpr-pointer-fx-none\"><span   data-ajax-filter=[\"category\",\"noticias\"]  data-filter=\".category-noticias\">Noticias<\/span><em class=\"wpr-grid-filters-sep\"><\/em><\/li><li class=\" wpr-pointer-none wpr-pointer-line-fx wpr-pointer-fx-none\"><span   data-ajax-filter=[\"category\",\"restaurante\"]  data-filter=\".category-restaurante\">Restaurante<\/span><em class=\"wpr-grid-filters-sep\"><\/em><\/li><\/ul><section class=\"wpr-grid elementor-clearfix\" data-settings=\"{&quot;layout&quot;:&quot;fitRows&quot;,&quot;stick_last_element_to_bottom&quot;:&quot;&quot;,&quot;columns_desktop&quot;:3,&quot;gutter_hr&quot;:9,&quot;gutter_hr_mobile&quot;:9,&quot;gutter_hr_mobile_extra&quot;:9,&quot;gutter_hr_tablet&quot;:9,&quot;gutter_hr_tablet_extra&quot;:9,&quot;gutter_hr_laptop&quot;:9,&quot;gutter_hr_widescreen&quot;:9,&quot;gutter_vr&quot;:32,&quot;gutter_vr_mobile&quot;:32,&quot;gutter_vr_mobile_extra&quot;:32,&quot;gutter_vr_tablet&quot;:32,&quot;gutter_vr_tablet_extra&quot;:32,&quot;gutter_vr_laptop&quot;:32,&quot;gutter_vr_widescreen&quot;:32,&quot;animation&quot;:&quot;zoom&quot;,&quot;animation_duration&quot;:0.3,&quot;animation_delay&quot;:0.1,&quot;deeplinking&quot;:&quot;&quot;,&quot;filters_linkable&quot;:&quot;no&quot;,&quot;filters_default_filter&quot;:&quot;&quot;,&quot;filters_count&quot;:&quot;&quot;,&quot;filters_hide_empty&quot;:&quot;no&quot;,&quot;filters_animation&quot;:&quot;default&quot;,&quot;filters_animation_duration&quot;:0.3,&quot;filters_animation_delay&quot;:0.1,&quot;pagination_type&quot;:&quot;load-more&quot;,&quot;pagination_max_pages&quot;:1,&quot;lightbox&quot;:{&quot;selector&quot;:&quot;.wpr-grid-image-wrap&quot;,&quot;iframeMaxWidth&quot;:&quot;60%&quot;,&quot;hash&quot;:false,&quot;autoplay&quot;:&quot;true&quot;,&quot;pause&quot;:5000,&quot;progressBar&quot;:&quot;true&quot;,&quot;counter&quot;:&quot;true&quot;,&quot;controls&quot;:&quot;true&quot;,&quot;getCaptionFromTitleOrAlt&quot;:&quot;true&quot;,&quot;thumbnail&quot;:&quot;&quot;,&quot;showThumbByDefault&quot;:&quot;&quot;,&quot;share&quot;:&quot;&quot;,&quot;zoom&quot;:&quot;true&quot;,&quot;fullScreen&quot;:&quot;true&quot;,&quot;download&quot;:&quot;true&quot;}}\" data-advanced-filters=\"no\"><article class=\"wpr-grid-item elementor-clearfix post-731 post type-post status-publish format-standard has-post-thumbnail hentry category-restaurante\"><div class=\"wpr-grid-item-inner\"><div class=\"wpr-grid-media-wrap wpr-effect-size-medium \" data-overlay-link=\"yes\"><div class=\"wpr-grid-image-wrap\" data-src=\"https:\/\/realdecatorcetravel.com\/wp-content\/uploads\/2025\/10\/fo9ndos-05-768x432.webp\" data-img-on-hover=\"\"  data-src-secondary=\"\"><img decoding=\"async\" data-no-lazy=\"1\" src=\"https:\/\/realdecatorcetravel.com\/wp-content\/uploads\/2025\/10\/fo9ndos-05-768x432.webp\" alt=\"Hotel Mes\u00f3n de la Abundancia\" class=\"wpr-anim-timing-ease-default\"><\/div><div class=\"wpr-grid-media-hover wpr-animation-wrap\"><div class=\"wpr-grid-media-hover-bg  wpr-overlay-fade-in wpr-anim-size-large wpr-anim-timing-ease-default wpr-anim-transparency\" data-url=\"https:\/\/realdecatorcetravel.com\/?p=731\"><\/div><\/div><\/div><div class=\"wpr-grid-item-below-content elementor-clearfix\"><h2 class=\"wpr-grid-item-title elementor-repeater-item-eeb00cb wpr-grid-item-display-block wpr-grid-item-align-left wpr-pointer-none wpr-pointer-line-fx wpr-pointer-fx-fade\"><div class=\"inner-block\"><a target=\"_self\"  href=\"https:\/\/realdecatorcetravel.com\/?p=731\">Restaurante Mes\u00f3n de la Abundancia<\/a><\/div><\/h2><div class=\"wpr-grid-item-excerpt elementor-repeater-item-b51d737 wpr-grid-item-display-block wpr-grid-item-align-left\"><div class=\"inner-block\"><p>RESTAURANTE MES\u00d3NDE LA ABUNDANCIA...<\/p><\/div><\/div><\/div><\/div><\/article><article class=\"wpr-grid-item elementor-clearfix post-733 post type-post status-publish format-standard has-post-thumbnail hentry category-restaurante\"><div class=\"wpr-grid-item-inner\"><div class=\"wpr-grid-media-wrap wpr-effect-size-medium \" data-overlay-link=\"yes\"><div class=\"wpr-grid-image-wrap\" data-src=\"https:\/\/realdecatorcetravel.com\/wp-content\/uploads\/2025\/10\/fondo-minero-01-768x434.png\" data-img-on-hover=\"\"  data-src-secondary=\"\"><img decoding=\"async\" data-no-lazy=\"1\" src=\"https:\/\/realdecatorcetravel.com\/wp-content\/uploads\/2025\/10\/fondo-minero-01-768x434.png\" alt=\"el minero-01\" class=\"wpr-anim-timing-ease-default\"><\/div><div class=\"wpr-grid-media-hover wpr-animation-wrap\"><div class=\"wpr-grid-media-hover-bg  wpr-overlay-fade-in wpr-anim-size-large wpr-anim-timing-ease-default wpr-anim-transparency\" data-url=\"https:\/\/realdecatorcetravel.com\/?p=733\"><\/div><\/div><\/div><div class=\"wpr-grid-item-below-content elementor-clearfix\"><h2 class=\"wpr-grid-item-title elementor-repeater-item-eeb00cb wpr-grid-item-display-block wpr-grid-item-align-left wpr-pointer-none wpr-pointer-line-fx wpr-pointer-fx-fade\"><div class=\"inner-block\"><a target=\"_self\"  href=\"https:\/\/realdecatorcetravel.com\/?p=733\">Restaurante el Minero<\/a><\/div><\/h2><div class=\"wpr-grid-item-excerpt elementor-repeater-item-b51d737 wpr-grid-item-display-block wpr-grid-item-align-left\"><div class=\"inner-block\"><p>RESTAURANTELEL MINERO CAFE &#8211;...<\/p><\/div><\/div><\/div><\/div><\/article><article class=\"wpr-grid-item elementor-clearfix post-735 post type-post status-publish format-standard has-post-thumbnail hentry category-restaurante\"><div class=\"wpr-grid-item-inner\"><div class=\"wpr-grid-media-wrap wpr-effect-size-medium \" data-overlay-link=\"yes\"><div class=\"wpr-grid-image-wrap\" data-src=\"https:\/\/realdecatorcetravel.com\/wp-content\/uploads\/2025\/10\/amorypaz-01-768x432.webp\" data-img-on-hover=\"\"  data-src-secondary=\"\"><img decoding=\"async\" data-no-lazy=\"1\" src=\"https:\/\/realdecatorcetravel.com\/wp-content\/uploads\/2025\/10\/amorypaz-01-768x432.webp\" alt=\"amorypaz-01\" class=\"wpr-anim-timing-ease-default\"><\/div><div class=\"wpr-grid-media-hover wpr-animation-wrap\"><div class=\"wpr-grid-media-hover-bg  wpr-overlay-fade-in wpr-anim-size-large wpr-anim-timing-ease-default wpr-anim-transparency\" data-url=\"https:\/\/realdecatorcetravel.com\/?p=735\"><\/div><\/div><\/div><div class=\"wpr-grid-item-below-content elementor-clearfix\"><h2 class=\"wpr-grid-item-title elementor-repeater-item-eeb00cb wpr-grid-item-display-block wpr-grid-item-align-left wpr-pointer-none wpr-pointer-line-fx wpr-pointer-fx-fade\"><div class=\"inner-block\"><a target=\"_self\"  href=\"https:\/\/realdecatorcetravel.com\/?p=735\">Restaurante Amor y Paz<\/a><\/div><\/h2><div class=\"wpr-grid-item-excerpt elementor-repeater-item-b51d737 wpr-grid-item-display-block wpr-grid-item-align-left\"><div class=\"inner-block\"><p>RESTAURANTE AMORY PAZ HOTEL,...<\/p><\/div><\/div><\/div><\/div><\/article><\/section>\t\t\t\t<\/div>\n\t\t\t\t\t<\/div>\n\t\t\t\t<\/div>\n\t\t<div class=\"elementor-element elementor-element-3d5bd12 e-flex e-con-boxed wpr-particle-no wpr-jarallax-no wpr-parallax-no wpr-sticky-section-no e-con e-parent\" data-id=\"3d5bd12\" data-element_type=\"container\" data-e-type=\"container\" data-settings=\"{&quot;background_background&quot;:&quot;classic&quot;}\">\n\t\t\t\t\t<div class=\"e-con-inner\">\n\t\t<div class=\"elementor-element elementor-element-a2f3912 e-con-full e-flex wpr-particle-no wpr-jarallax-no wpr-parallax-no wpr-sticky-section-no e-con e-child\" data-id=\"a2f3912\" data-element_type=\"container\" data-e-type=\"container\">\n\t\t\t\t<div class=\"elementor-element elementor-element-d710989 elementor-widget elementor-widget-heading\" data-id=\"d710989\" data-element_type=\"widget\" data-e-type=\"widget\" data-widget_type=\"heading.default\">\n\t\t\t\t\t<h1 class=\"elementor-heading-title elementor-size-default\">Descubre d\u00f3nde comer en Real de Catorce<\/h1>\t\t\t\t<\/div>\n\t\t\t\t<\/div>\n\t\t<div class=\"elementor-element elementor-element-e0ff792 e-con-full e-flex wpr-particle-no wpr-jarallax-no wpr-parallax-no wpr-sticky-section-no e-con e-child\" data-id=\"e0ff792\" data-element_type=\"container\" data-e-type=\"container\">\n\t\t\t\t<\/div>\n\t\t<div class=\"elementor-element elementor-element-910cd54 e-con-full e-flex wpr-particle-no wpr-jarallax-no wpr-parallax-no wpr-sticky-section-no e-con e-child\" data-id=\"910cd54\" data-element_type=\"container\" data-e-type=\"container\">\n\t\t\t\t<div class=\"elementor-element elementor-element-85ee05e elementor-widget elementor-widget-text-editor\" data-id=\"85ee05e\" data-element_type=\"widget\" data-e-type=\"widget\" data-widget_type=\"text-editor.default\">\n\t\t\t\t\t\t\t\t\t<p>Sabores aut\u00e9nticos, cocina tradicional y experiencias gastron\u00f3micas \u00fanicas en el coraz\u00f3n del desierto. Encuentra los mejores restaurantes, fondas y cafeter\u00edas para disfrutar cada momento de tu visita.<\/p>\t\t\t\t\t\t\t\t<\/div>\n\t\t\t\t<\/div>\n\t\t\t\t\t<\/div>\n\t\t\t\t<\/div>\n\t\t\t\t<\/div>\n\t\t","protected":false},"excerpt":{"rendered":"<p>En Real de Catorce, cada restaurante ofrece una experiencia \u00fanica: cocina tradicional, ingredientes locales y vistas que enamoran. Saborea la historia y la esencia del pueblo en cada platillo.<\/p>\n","protected":false},"author":1,"featured_media":1316,"parent":0,"menu_order":0,"comment_status":"closed","ping_status":"closed","template":"","meta":{"_acf_changed":false,"footnotes":""},"class_list":["post-1231","page","type-page","status-publish","has-post-thumbnail","hentry"],"acf":[],"yoast_head":"<!-- This site is optimized with the Yoast SEO plugin v27.2 - https:\/\/yoast.com\/product\/yoast-seo-wordpress\/ -->\n<title>Restaurantes - realdecatorcetravel.com<\/title>\n<meta name=\"robots\" content=\"index, follow, max-snippet:-1, max-image-preview:large, max-video-preview:-1\" \/>\n<link rel=\"canonical\" href=\"https:\/\/realdecatorcetravel.com\/?page_id=1231\" \/>\n<meta property=\"og:locale\" content=\"es_MX\" \/>\n<meta property=\"og:type\" content=\"article\" \/>\n<meta property=\"og:title\" content=\"Restaurantes - realdecatorcetravel.com\" \/>\n<meta property=\"og:description\" content=\"En Real de Catorce, cada restaurante ofrece una experiencia \u00fanica: cocina tradicional, ingredientes locales y vistas que enamoran. Saborea la historia y la esencia del pueblo en cada platillo.\" \/>\n<meta property=\"og:url\" content=\"https:\/\/realdecatorcetravel.com\/?page_id=1231\" \/>\n<meta property=\"og:site_name\" content=\"realdecatorcetravel.com\" \/>\n<meta property=\"article:modified_time\" content=\"2025-12-02T04:21:17+00:00\" \/>\n<meta property=\"og:image\" content=\"https:\/\/realdecatorcetravel.com\/wp-content\/uploads\/2025\/10\/restaurante-amor-y-paz-07.png\" \/>\n\t<meta property=\"og:image:width\" content=\"512\" \/>\n\t<meta property=\"og:image:height\" content=\"512\" \/>\n\t<meta property=\"og:image:type\" content=\"image\/png\" \/>\n<meta name=\"twitter:card\" content=\"summary_large_image\" \/>\n<meta name=\"twitter:label1\" content=\"Tiempo de lectura\" \/>\n\t<meta name=\"twitter:data1\" content=\"1 minuto\" \/>\n<script type=\"application\/ld+json\" class=\"yoast-schema-graph\">{\"@context\":\"https:\/\/schema.org\",\"@graph\":[{\"@type\":\"WebPage\",\"@id\":\"https:\/\/realdecatorcetravel.com\/?page_id=1231\",\"url\":\"https:\/\/realdecatorcetravel.com\/?page_id=1231\",\"name\":\"Restaurantes - realdecatorcetravel.com\",\"isPartOf\":{\"@id\":\"https:\/\/realdecatorcetravel.com\/#website\"},\"primaryImageOfPage\":{\"@id\":\"https:\/\/realdecatorcetravel.com\/?page_id=1231#primaryimage\"},\"image\":{\"@id\":\"https:\/\/realdecatorcetravel.com\/?page_id=1231#primaryimage\"},\"thumbnailUrl\":\"https:\/\/realdecatorcetravel.com\/wp-content\/uploads\/2025\/10\/restaurante-amor-y-paz-07.png\",\"datePublished\":\"2025-10-30T17:57:39+00:00\",\"dateModified\":\"2025-12-02T04:21:17+00:00\",\"breadcrumb\":{\"@id\":\"https:\/\/realdecatorcetravel.com\/?page_id=1231#breadcrumb\"},\"inLanguage\":\"es\",\"potentialAction\":[{\"@type\":\"ReadAction\",\"target\":[\"https:\/\/realdecatorcetravel.com\/?page_id=1231\"]}]},{\"@type\":\"ImageObject\",\"inLanguage\":\"es\",\"@id\":\"https:\/\/realdecatorcetravel.com\/?page_id=1231#primaryimage\",\"url\":\"https:\/\/realdecatorcetravel.com\/wp-content\/uploads\/2025\/10\/restaurante-amor-y-paz-07.png\",\"contentUrl\":\"https:\/\/realdecatorcetravel.com\/wp-content\/uploads\/2025\/10\/restaurante-amor-y-paz-07.png\",\"width\":512,\"height\":512,\"caption\":\"restaurante amor y paz-07\"},{\"@type\":\"BreadcrumbList\",\"@id\":\"https:\/\/realdecatorcetravel.com\/?page_id=1231#breadcrumb\",\"itemListElement\":[{\"@type\":\"ListItem\",\"position\":1,\"name\":\"Inicio\",\"item\":\"https:\/\/realdecatorcetravel.com\/\"},{\"@type\":\"ListItem\",\"position\":2,\"name\":\"Restaurantes\"}]},{\"@type\":\"WebSite\",\"@id\":\"https:\/\/realdecatorcetravel.com\/#website\",\"url\":\"https:\/\/realdecatorcetravel.com\/\",\"name\":\"realdecatorcetravel.com\",\"description\":\"Un espacio para conectar a familias con hoteles, restaurantes y experiencias locales, impulsando un turismo cercano y aut\u00e9ntico.\",\"publisher\":{\"@id\":\"https:\/\/realdecatorcetravel.com\/#organization\"},\"potentialAction\":[{\"@type\":\"SearchAction\",\"target\":{\"@type\":\"EntryPoint\",\"urlTemplate\":\"https:\/\/realdecatorcetravel.com\/?s={search_term_string}\"},\"query-input\":{\"@type\":\"PropertyValueSpecification\",\"valueRequired\":true,\"valueName\":\"search_term_string\"}}],\"inLanguage\":\"es\"},{\"@type\":\"Organization\",\"@id\":\"https:\/\/realdecatorcetravel.com\/#organization\",\"name\":\"realdecatorcetravel.com\",\"url\":\"https:\/\/realdecatorcetravel.com\/\",\"logo\":{\"@type\":\"ImageObject\",\"inLanguage\":\"es\",\"@id\":\"https:\/\/realdecatorcetravel.com\/#\/schema\/logo\/image\/\",\"url\":\"https:\/\/realdecatorcetravel.com\/wp-content\/uploads\/2025\/10\/cropped-favicon-1.webp\",\"contentUrl\":\"https:\/\/realdecatorcetravel.com\/wp-content\/uploads\/2025\/10\/cropped-favicon-1.webp\",\"width\":512,\"height\":512,\"caption\":\"realdecatorcetravel.com\"},\"image\":{\"@id\":\"https:\/\/realdecatorcetravel.com\/#\/schema\/logo\/image\/\"}}]}<\/script>\n<!-- \/ Yoast SEO plugin. -->","yoast_head_json":{"title":"Restaurantes - realdecatorcetravel.com","robots":{"index":"index","follow":"follow","max-snippet":"max-snippet:-1","max-image-preview":"max-image-preview:large","max-video-preview":"max-video-preview:-1"},"canonical":"https:\/\/realdecatorcetravel.com\/?page_id=1231","og_locale":"es_MX","og_type":"article","og_title":"Restaurantes - realdecatorcetravel.com","og_description":"En Real de Catorce, cada restaurante ofrece una experiencia \u00fanica: cocina tradicional, ingredientes locales y vistas que enamoran. Saborea la historia y la esencia del pueblo en cada platillo.","og_url":"https:\/\/realdecatorcetravel.com\/?page_id=1231","og_site_name":"realdecatorcetravel.com","article_modified_time":"2025-12-02T04:21:17+00:00","og_image":[{"width":512,"height":512,"url":"https:\/\/realdecatorcetravel.com\/wp-content\/uploads\/2025\/10\/restaurante-amor-y-paz-07.png","type":"image\/png"}],"twitter_card":"summary_large_image","twitter_misc":{"Tiempo de lectura":"1 minuto"},"schema":{"@context":"https:\/\/schema.org","@graph":[{"@type":"WebPage","@id":"https:\/\/realdecatorcetravel.com\/?page_id=1231","url":"https:\/\/realdecatorcetravel.com\/?page_id=1231","name":"Restaurantes - realdecatorcetravel.com","isPartOf":{"@id":"https:\/\/realdecatorcetravel.com\/#website"},"primaryImageOfPage":{"@id":"https:\/\/realdecatorcetravel.com\/?page_id=1231#primaryimage"},"image":{"@id":"https:\/\/realdecatorcetravel.com\/?page_id=1231#primaryimage"},"thumbnailUrl":"https:\/\/realdecatorcetravel.com\/wp-content\/uploads\/2025\/10\/restaurante-amor-y-paz-07.png","datePublished":"2025-10-30T17:57:39+00:00","dateModified":"2025-12-02T04:21:17+00:00","breadcrumb":{"@id":"https:\/\/realdecatorcetravel.com\/?page_id=1231#breadcrumb"},"inLanguage":"es","potentialAction":[{"@type":"ReadAction","target":["https:\/\/realdecatorcetravel.com\/?page_id=1231"]}]},{"@type":"ImageObject","inLanguage":"es","@id":"https:\/\/realdecatorcetravel.com\/?page_id=1231#primaryimage","url":"https:\/\/realdecatorcetravel.com\/wp-content\/uploads\/2025\/10\/restaurante-amor-y-paz-07.png","contentUrl":"https:\/\/realdecatorcetravel.com\/wp-content\/uploads\/2025\/10\/restaurante-amor-y-paz-07.png","width":512,"height":512,"caption":"restaurante amor y paz-07"},{"@type":"BreadcrumbList","@id":"https:\/\/realdecatorcetravel.com\/?page_id=1231#breadcrumb","itemListElement":[{"@type":"ListItem","position":1,"name":"Inicio","item":"https:\/\/realdecatorcetravel.com\/"},{"@type":"ListItem","position":2,"name":"Restaurantes"}]},{"@type":"WebSite","@id":"https:\/\/realdecatorcetravel.com\/#website","url":"https:\/\/realdecatorcetravel.com\/","name":"realdecatorcetravel.com","description":"Un espacio para conectar a familias con hoteles, restaurantes y experiencias locales, impulsando un turismo cercano y aut\u00e9ntico.","publisher":{"@id":"https:\/\/realdecatorcetravel.com\/#organization"},"potentialAction":[{"@type":"SearchAction","target":{"@type":"EntryPoint","urlTemplate":"https:\/\/realdecatorcetravel.com\/?s={search_term_string}"},"query-input":{"@type":"PropertyValueSpecification","valueRequired":true,"valueName":"search_term_string"}}],"inLanguage":"es"},{"@type":"Organization","@id":"https:\/\/realdecatorcetravel.com\/#organization","name":"realdecatorcetravel.com","url":"https:\/\/realdecatorcetravel.com\/","logo":{"@type":"ImageObject","inLanguage":"es","@id":"https:\/\/realdecatorcetravel.com\/#\/schema\/logo\/image\/","url":"https:\/\/realdecatorcetravel.com\/wp-content\/uploads\/2025\/10\/cropped-favicon-1.webp","contentUrl":"https:\/\/realdecatorcetravel.com\/wp-content\/uploads\/2025\/10\/cropped-favicon-1.webp","width":512,"height":512,"caption":"realdecatorcetravel.com"},"image":{"@id":"https:\/\/realdecatorcetravel.com\/#\/schema\/logo\/image\/"}}]}},"_hostinger_reach_plugin_has_subscription_block":false,"_hostinger_reach_plugin_is_elementor":false,"_links":{"self":[{"href":"https:\/\/realdecatorcetravel.com\/index.php?rest_route=\/wp\/v2\/pages\/1231","targetHints":{"allow":["GET"]}}],"collection":[{"href":"https:\/\/realdecatorcetravel.com\/index.php?rest_route=\/wp\/v2\/pages"}],"about":[{"href":"https:\/\/realdecatorcetravel.com\/index.php?rest_route=\/wp\/v2\/types\/page"}],"author":[{"embeddable":true,"href":"https:\/\/realdecatorcetravel.com\/index.php?rest_route=\/wp\/v2\/users\/1"}],"replies":[{"embeddable":true,"href":"https:\/\/realdecatorcetravel.com\/index.php?rest_route=%2Fwp%2Fv2%2Fcomments&post=1231"}],"version-history":[{"count":22,"href":"https:\/\/realdecatorcetravel.com\/index.php?rest_route=\/wp\/v2\/pages\/1231\/revisions"}],"predecessor-version":[{"id":1466,"href":"https:\/\/realdecatorcetravel.com\/index.php?rest_route=\/wp\/v2\/pages\/1231\/revisions\/1466"}],"wp:featuredmedia":[{"embeddable":true,"href":"https:\/\/realdecatorcetravel.com\/index.php?rest_route=\/wp\/v2\/media\/1316"}],"wp:attachment":[{"href":"https:\/\/realdecatorcetravel.com\/index.php?rest_route=%2Fwp%2Fv2%2Fmedia&parent=1231"}],"curies":[{"name":"wp","href":"https:\/\/api.w.org\/{rel}","templated":true}]}}