{"id":13,"date":"2025-10-25T05:15:20","date_gmt":"2025-10-25T05:15:20","guid":{"rendered":"https:\/\/realdecatorcetravel.com\/?page_id=13"},"modified":"2025-12-02T04:21:37","modified_gmt":"2025-12-02T04:21:37","slug":"nosotros","status":"publish","type":"page","link":"https:\/\/realdecatorcetravel.com\/?page_id=13","title":{"rendered":"Nosotros"},"content":{"rendered":"<p class=\"attachment\"><a href='https:\/\/realdecatorcetravel.com\/wp-content\/uploads\/2025\/10\/nosotros2-01.png'><img fetchpriority=\"high\" decoding=\"async\" width=\"300\" height=\"300\" src=\"https:\/\/realdecatorcetravel.com\/wp-content\/uploads\/2025\/10\/nosotros2-01-300x300.png\" class=\"attachment-medium size-medium\" alt=\"nosotros2-01\" srcset=\"https:\/\/realdecatorcetravel.com\/wp-content\/uploads\/2025\/10\/nosotros2-01-300x300.png 300w, https:\/\/realdecatorcetravel.com\/wp-content\/uploads\/2025\/10\/nosotros2-01-150x150.png 150w, https:\/\/realdecatorcetravel.com\/wp-content\/uploads\/2025\/10\/nosotros2-01.png 525w\" sizes=\"(max-width: 300px) 100vw, 300px\" \/><\/a><\/p>\n\t\t<div data-elementor-type=\"wp-page\" data-elementor-id=\"13\" class=\"elementor elementor-13\">\n\t\t\t\t<div class=\"elementor-element elementor-element-4c23153 e-flex e-con-boxed wpr-particle-no wpr-jarallax-no wpr-parallax-no wpr-sticky-section-no elementor-invisible e-con e-parent\" data-id=\"4c23153\" data-element_type=\"container\" data-e-type=\"container\" data-settings=\"{&quot;animation&quot;:&quot;fadeIn&quot;}\">\n\t\t\t\t\t<div class=\"e-con-inner\">\n\t\t<div class=\"elementor-element elementor-element-78022a1 e-con-full e-flex wpr-particle-no wpr-jarallax-no wpr-parallax-no wpr-sticky-section-no e-con e-child\" data-id=\"78022a1\" data-element_type=\"container\" data-e-type=\"container\">\n\t\t<div class=\"elementor-element elementor-element-aaea3fe e-con-full e-flex wpr-particle-no wpr-jarallax-no wpr-parallax-no wpr-sticky-section-no e-con e-child\" data-id=\"aaea3fe\" data-element_type=\"container\" data-e-type=\"container\">\n\t\t\t\t<div class=\"elementor-element elementor-element-6286598 elementor-widget elementor-widget-heading\" data-id=\"6286598\" data-element_type=\"widget\" data-e-type=\"widget\" data-widget_type=\"heading.default\">\n\t\t\t\t\t<h1 class=\"elementor-heading-title elementor-size-default\">Real de Catorce Travel<\/h1>\t\t\t\t<\/div>\n\t\t\t\t<div class=\"elementor-element elementor-element-233ad96 elementor-widget-divider--view-line elementor-widget elementor-widget-divider\" data-id=\"233ad96\" data-element_type=\"widget\" data-e-type=\"widget\" data-widget_type=\"divider.default\">\n\t\t\t\t\t\t\t<div class=\"elementor-divider\">\n\t\t\t<span class=\"elementor-divider-separator\">\n\t\t\t\t\t\t<\/span>\n\t\t<\/div>\n\t\t\t\t\t\t<\/div>\n\t\t\t\t<\/div>\n\t\t<div class=\"elementor-element elementor-element-3981eed e-con-full e-flex wpr-particle-no wpr-jarallax-no wpr-parallax-no wpr-sticky-section-no e-con e-child\" data-id=\"3981eed\" data-element_type=\"container\" data-e-type=\"container\">\n\t\t\t\t<div class=\"elementor-element elementor-element-7249e66 elementor-widget elementor-widget-text-editor\" data-id=\"7249e66\" data-element_type=\"widget\" data-e-type=\"widget\" data-widget_type=\"text-editor.default\">\n\t\t\t\t\t\t\t\t\t<p data-start=\"118\" data-end=\"498\">Somos un colectivo comprometido con <strong data-start=\"154\" data-end=\"201\">mantener viva la esencia de Real de Catorce<\/strong>, impulsando su riqueza cultural, hist\u00f3rica y natural para que trascienda m\u00e1s all\u00e1 de sus monta\u00f1as. Nacimos con la convicci\u00f3n de <strong data-start=\"330\" data-end=\"365\">promover el turismo responsable<\/strong>, apoyar a la comunidad local y convertirnos en un puente entre quienes visitan este lugar m\u00e1gico y quienes lo hacen latir d\u00eda a d\u00eda.<\/p><p data-start=\"500\" data-end=\"851\">Trabajamos para <strong data-start=\"516\" data-end=\"564\">difundir eventos, experiencias y tradiciones<\/strong> que hacen \u00fanico a este Pueblo M\u00e1gico, fomentando su econom\u00eda, fortaleciendo su identidad y llevando el nombre de Real de Catorce a nuevas fronteras. Queremos ser un referente de divulgaci\u00f3n y conexi\u00f3n, donde visitantes, prestadores de servicios y habitantes encuentren un espacio com\u00fan.<\/p>\t\t\t\t\t\t\t\t<\/div>\n\t\t\t\t<\/div>\n\t\t\t\t<\/div>\n\t\t<div class=\"elementor-element elementor-element-1b3ef62 e-con-full e-flex wpr-particle-no wpr-jarallax-no wpr-parallax-no wpr-sticky-section-no e-con e-child\" data-id=\"1b3ef62\" data-element_type=\"container\" data-e-type=\"container\">\n\t\t\t\t<div class=\"elementor-element elementor-element-fb72419 elementor-widget elementor-widget-image\" data-id=\"fb72419\" data-element_type=\"widget\" data-e-type=\"widget\" data-widget_type=\"image.default\">\n\t\t\t\t\t\t\t\t\t\t\t\t\t\t\t<img decoding=\"async\" width=\"600\" height=\"515\" src=\"https:\/\/realdecatorcetravel.com\/wp-content\/uploads\/2025\/10\/solo-01-1.png\" class=\"attachment-large size-large wp-image-1131\" alt=\"Real viajes\" srcset=\"https:\/\/realdecatorcetravel.com\/wp-content\/uploads\/2025\/10\/solo-01-1.png 600w, https:\/\/realdecatorcetravel.com\/wp-content\/uploads\/2025\/10\/solo-01-1-300x258.png 300w\" sizes=\"(max-width: 600px) 100vw, 600px\" \/>\t\t\t\t\t\t\t\t\t\t\t\t\t\t\t<\/div>\n\t\t\t\t<\/div>\n\t\t\t\t\t<\/div>\n\t\t\t\t<\/div>\n\t\t<div class=\"elementor-element elementor-element-f3be59a e-flex e-con-boxed wpr-particle-no wpr-jarallax-no wpr-parallax-no wpr-sticky-section-no elementor-invisible e-con e-parent\" data-id=\"f3be59a\" data-element_type=\"container\" data-e-type=\"container\" data-settings=\"{&quot;background_background&quot;:&quot;classic&quot;,&quot;animation&quot;:&quot;fadeInLeft&quot;}\">\n\t\t\t\t\t<div class=\"e-con-inner\">\n\t\t<div class=\"elementor-element elementor-element-c6d0dc3 e-con-full e-flex wpr-particle-no wpr-jarallax-no wpr-parallax-no wpr-sticky-section-no e-con e-child\" data-id=\"c6d0dc3\" data-element_type=\"container\" data-e-type=\"container\">\n\t\t\t\t<div class=\"elementor-element elementor-element-de799b6 wpr-grid-columns-4 wpr-grid-columns--tablet3 wpr-grid-columns--mobile1 elementor-widget elementor-widget-wpr-media-grid\" data-id=\"de799b6\" data-element_type=\"widget\" data-e-type=\"widget\" data-widget_type=\"wpr-media-grid.default\">\n\t\t\t\t\t<section class=\"wpr-grid wpr-media-grid elementor-clearfix\" data-settings=\"{&quot;layout&quot;:&quot;masonry&quot;,&quot;columns_desktop&quot;:4,&quot;gutter_hr&quot;:10,&quot;gutter_hr_mobile&quot;:10,&quot;gutter_hr_mobile_extra&quot;:10,&quot;gutter_hr_tablet&quot;:10,&quot;gutter_hr_tablet_extra&quot;:10,&quot;gutter_hr_laptop&quot;:10,&quot;gutter_hr_widescreen&quot;:10,&quot;gutter_vr&quot;:10,&quot;gutter_vr_mobile&quot;:10,&quot;gutter_vr_mobile_extra&quot;:10,&quot;gutter_vr_tablet&quot;:10,&quot;gutter_vr_tablet_extra&quot;:10,&quot;gutter_vr_laptop&quot;:10,&quot;gutter_vr_widescreen&quot;:10,&quot;animation&quot;:&quot;default&quot;,&quot;animation_duration&quot;:0.3,&quot;animation_delay&quot;:0.1,&quot;deeplinking&quot;:&quot;&quot;,&quot;filters_default_filter&quot;:&quot;&quot;,&quot;filters_linkable&quot;:&quot;no&quot;,&quot;filters_count&quot;:&quot;&quot;,&quot;filters_hide_empty&quot;:&quot;no&quot;,&quot;filters_animation&quot;:&quot;default&quot;,&quot;filters_animation_duration&quot;:0.3,&quot;filters_animation_delay&quot;:0.1,&quot;pagination_type&quot;:&quot;load-more&quot;,&quot;pagination_max_pages&quot;:1,&quot;lightbox&quot;:{&quot;selector&quot;:&quot;.wpr-grid-image-wrap&quot;,&quot;iframeMaxWidth&quot;:&quot;60%&quot;,&quot;hash&quot;:false,&quot;autoplay&quot;:&quot;true&quot;,&quot;pause&quot;:5000,&quot;progressBar&quot;:&quot;true&quot;,&quot;counter&quot;:&quot;true&quot;,&quot;controls&quot;:&quot;true&quot;,&quot;getCaptionFromTitleOrAlt&quot;:&quot;true&quot;,&quot;thumbnail&quot;:&quot;&quot;,&quot;showThumbByDefault&quot;:&quot;&quot;,&quot;share&quot;:&quot;&quot;,&quot;zoom&quot;:&quot;true&quot;,&quot;fullScreen&quot;:&quot;true&quot;,&quot;download&quot;:&quot;true&quot;}}\"><article class=\"wpr-grid-item elementor-clearfix post-1154 attachment type-attachment status-inherit hentry\"><div class=\"wpr-grid-item-inner\"><div class=\"wpr-grid-media-wrap wpr-effect-size-small \"><div class=\"wpr-grid-image-wrap\" data-src=\"https:\/\/realdecatorcetravel.com\/wp-content\/uploads\/2025\/10\/nosotros2-04.png\"><img decoding=\"async\" src=\"https:\/\/realdecatorcetravel.com\/wp-content\/uploads\/2025\/10\/nosotros2-04.png\" alt=\"nosotros2-04\" class=\"wpr-anim-timing-ease-default\"><\/div><div class=\"wpr-grid-media-hover wpr-animation-wrap\"><div class=\"wpr-grid-media-hover-bg  wpr-overlay-fade-in wpr-anim-size-large wpr-anim-timing-ease-default wpr-anim-transparency\" data-url=\"https:\/\/realdecatorcetravel.com\/?attachment_id=1154\"><\/div><div class=\"wpr-cv-container\"><div class=\"wpr-cv-outer\"><div class=\"wpr-cv-inner\"><div class=\"wpr-grid-media-hover-middle elementor-clearfix\"><div class=\"wpr-grid-item-lightbox elementor-repeater-item-3a4e31e wpr-grid-item-display-block wpr-grid-item-align-center wpr-element-fade-in wpr-anim-size-large wpr-anim-timing-ease-default wpr-anim-transparency\"><div class=\"inner-block\"><span data-src=\"https:\/\/realdecatorcetravel.com\/wp-content\/uploads\/2025\/10\/nosotros2-04.png\"><i class=\"fas fa-search\"><\/i><\/span><div class=\"wpr-grid-lightbox-overlay\"><\/div><\/div><\/div><h2 class=\"wpr-grid-item-title elementor-repeater-item-850244c wpr-grid-item-display-block wpr-grid-item-align-center wpr-element-fade-in wpr-anim-size-large wpr-anim-timing-ease-default wpr-anim-transparency wpr-pointer-none wpr-pointer-line-fx wpr-pointer-fx-fade\"><div class=\"inner-block\"><a  href=\"https:\/\/realdecatorcetravel.com\/?attachment_id=1154\">nosotros2-04<\/a><\/div><\/h2><\/div><\/div><\/div><\/div><\/div><\/div><\/div><\/article><article class=\"wpr-grid-item elementor-clearfix post-1153 attachment type-attachment status-inherit hentry\"><div class=\"wpr-grid-item-inner\"><div class=\"wpr-grid-media-wrap wpr-effect-size-small \"><div class=\"wpr-grid-image-wrap\" data-src=\"https:\/\/realdecatorcetravel.com\/wp-content\/uploads\/2025\/10\/nosotros2-03.png\"><img decoding=\"async\" src=\"https:\/\/realdecatorcetravel.com\/wp-content\/uploads\/2025\/10\/nosotros2-03.png\" alt=\"nosotros2-03\" class=\"wpr-anim-timing-ease-default\"><\/div><div class=\"wpr-grid-media-hover wpr-animation-wrap\"><div class=\"wpr-grid-media-hover-bg  wpr-overlay-fade-in wpr-anim-size-large wpr-anim-timing-ease-default wpr-anim-transparency\" data-url=\"https:\/\/realdecatorcetravel.com\/?attachment_id=1153\"><\/div><div class=\"wpr-cv-container\"><div class=\"wpr-cv-outer\"><div class=\"wpr-cv-inner\"><div class=\"wpr-grid-media-hover-middle elementor-clearfix\"><div class=\"wpr-grid-item-lightbox elementor-repeater-item-3a4e31e wpr-grid-item-display-block wpr-grid-item-align-center wpr-element-fade-in wpr-anim-size-large wpr-anim-timing-ease-default wpr-anim-transparency\"><div class=\"inner-block\"><span data-src=\"https:\/\/realdecatorcetravel.com\/wp-content\/uploads\/2025\/10\/nosotros2-03.png\"><i class=\"fas fa-search\"><\/i><\/span><div class=\"wpr-grid-lightbox-overlay\"><\/div><\/div><\/div><h2 class=\"wpr-grid-item-title elementor-repeater-item-850244c wpr-grid-item-display-block wpr-grid-item-align-center wpr-element-fade-in wpr-anim-size-large wpr-anim-timing-ease-default wpr-anim-transparency wpr-pointer-none wpr-pointer-line-fx wpr-pointer-fx-fade\"><div class=\"inner-block\"><a  href=\"https:\/\/realdecatorcetravel.com\/?attachment_id=1153\">nosotros2-03<\/a><\/div><\/h2><\/div><\/div><\/div><\/div><\/div><\/div><\/div><\/article><article class=\"wpr-grid-item elementor-clearfix post-1152 attachment type-attachment status-inherit hentry\"><div class=\"wpr-grid-item-inner\"><div class=\"wpr-grid-media-wrap wpr-effect-size-small \"><div class=\"wpr-grid-image-wrap\" data-src=\"https:\/\/realdecatorcetravel.com\/wp-content\/uploads\/2025\/10\/nosotros2-02.png\"><img decoding=\"async\" src=\"https:\/\/realdecatorcetravel.com\/wp-content\/uploads\/2025\/10\/nosotros2-02.png\" alt=\"nosotros2-02\" class=\"wpr-anim-timing-ease-default\"><\/div><div class=\"wpr-grid-media-hover wpr-animation-wrap\"><div class=\"wpr-grid-media-hover-bg  wpr-overlay-fade-in wpr-anim-size-large wpr-anim-timing-ease-default wpr-anim-transparency\" data-url=\"https:\/\/realdecatorcetravel.com\/?attachment_id=1152\"><\/div><div class=\"wpr-cv-container\"><div class=\"wpr-cv-outer\"><div class=\"wpr-cv-inner\"><div class=\"wpr-grid-media-hover-middle elementor-clearfix\"><div class=\"wpr-grid-item-lightbox elementor-repeater-item-3a4e31e wpr-grid-item-display-block wpr-grid-item-align-center wpr-element-fade-in wpr-anim-size-large wpr-anim-timing-ease-default wpr-anim-transparency\"><div class=\"inner-block\"><span data-src=\"https:\/\/realdecatorcetravel.com\/wp-content\/uploads\/2025\/10\/nosotros2-02.png\"><i class=\"fas fa-search\"><\/i><\/span><div class=\"wpr-grid-lightbox-overlay\"><\/div><\/div><\/div><h2 class=\"wpr-grid-item-title elementor-repeater-item-850244c wpr-grid-item-display-block wpr-grid-item-align-center wpr-element-fade-in wpr-anim-size-large wpr-anim-timing-ease-default wpr-anim-transparency wpr-pointer-none wpr-pointer-line-fx wpr-pointer-fx-fade\"><div class=\"inner-block\"><a  href=\"https:\/\/realdecatorcetravel.com\/?attachment_id=1152\">nosotros2-02<\/a><\/div><\/h2><\/div><\/div><\/div><\/div><\/div><\/div><\/div><\/article><article class=\"wpr-grid-item elementor-clearfix post-1151 attachment type-attachment status-inherit hentry\"><div class=\"wpr-grid-item-inner\"><div class=\"wpr-grid-media-wrap wpr-effect-size-small \"><div class=\"wpr-grid-image-wrap\" data-src=\"https:\/\/realdecatorcetravel.com\/wp-content\/uploads\/2025\/10\/nosotros2-01.png\"><img decoding=\"async\" src=\"https:\/\/realdecatorcetravel.com\/wp-content\/uploads\/2025\/10\/nosotros2-01.png\" alt=\"nosotros2-01\" class=\"wpr-anim-timing-ease-default\"><\/div><div class=\"wpr-grid-media-hover wpr-animation-wrap\"><div class=\"wpr-grid-media-hover-bg  wpr-overlay-fade-in wpr-anim-size-large wpr-anim-timing-ease-default wpr-anim-transparency\" data-url=\"https:\/\/realdecatorcetravel.com\/?attachment_id=1151\"><\/div><div class=\"wpr-cv-container\"><div class=\"wpr-cv-outer\"><div class=\"wpr-cv-inner\"><div class=\"wpr-grid-media-hover-middle elementor-clearfix\"><div class=\"wpr-grid-item-lightbox elementor-repeater-item-3a4e31e wpr-grid-item-display-block wpr-grid-item-align-center wpr-element-fade-in wpr-anim-size-large wpr-anim-timing-ease-default wpr-anim-transparency\"><div class=\"inner-block\"><span data-src=\"https:\/\/realdecatorcetravel.com\/wp-content\/uploads\/2025\/10\/nosotros2-01.png\"><i class=\"fas fa-search\"><\/i><\/span><div class=\"wpr-grid-lightbox-overlay\"><\/div><\/div><\/div><h2 class=\"wpr-grid-item-title elementor-repeater-item-850244c wpr-grid-item-display-block wpr-grid-item-align-center wpr-element-fade-in wpr-anim-size-large wpr-anim-timing-ease-default wpr-anim-transparency wpr-pointer-none wpr-pointer-line-fx wpr-pointer-fx-fade\"><div class=\"inner-block\"><a  href=\"https:\/\/realdecatorcetravel.com\/?attachment_id=1151\">nosotros2-01<\/a><\/div><\/h2><\/div><\/div><\/div><\/div><\/div><\/div><\/div><\/article><\/section>\t\t\t\t<\/div>\n\t\t\t\t<\/div>\n\t\t\t\t\t<\/div>\n\t\t\t\t<\/div>\n\t\t\t\t<\/div>\n\t\t","protected":false},"excerpt":{"rendered":"<p>Somos un proyecto dedicado a promover la magia de Real de Catorce, compartiendo su historia, cultura y atractivos tur\u00edsticos para que m\u00e1s personas descubran este destino \u00fanico.<\/p>\n","protected":false},"author":1,"featured_media":20,"parent":0,"menu_order":0,"comment_status":"closed","ping_status":"closed","template":"","meta":{"_acf_changed":false,"footnotes":""},"class_list":["post-13","page","type-page","status-publish","has-post-thumbnail","hentry"],"acf":[],"yoast_head":"<!-- This site is optimized with the Yoast SEO plugin v27.2 - https:\/\/yoast.com\/product\/yoast-seo-wordpress\/ -->\n<title>Nosotros - realdecatorcetravel.com<\/title>\n<meta name=\"robots\" content=\"index, follow, max-snippet:-1, max-image-preview:large, max-video-preview:-1\" \/>\n<link rel=\"canonical\" href=\"https:\/\/realdecatorcetravel.com\/?page_id=13\" \/>\n<meta property=\"og:locale\" content=\"es_MX\" \/>\n<meta property=\"og:type\" content=\"article\" \/>\n<meta property=\"og:title\" content=\"Nosotros - realdecatorcetravel.com\" \/>\n<meta property=\"og:description\" content=\"Somos un proyecto dedicado a promover la magia de Real de Catorce, compartiendo su historia, cultura y atractivos tur\u00edsticos para que m\u00e1s personas descubran este destino \u00fanico.\" \/>\n<meta property=\"og:url\" content=\"https:\/\/realdecatorcetravel.com\/?page_id=13\" \/>\n<meta property=\"og:site_name\" content=\"realdecatorcetravel.com\" \/>\n<meta property=\"article:modified_time\" content=\"2025-12-02T04:21:37+00:00\" \/>\n<meta property=\"og:image\" content=\"https:\/\/realdecatorcetravel.com\/wp-content\/uploads\/2025\/10\/cropped-favicon-1.webp\" \/>\n\t<meta property=\"og:image:width\" content=\"512\" \/>\n\t<meta property=\"og:image:height\" content=\"512\" \/>\n\t<meta property=\"og:image:type\" content=\"image\/webp\" \/>\n<meta name=\"twitter:card\" content=\"summary_large_image\" \/>\n<meta name=\"twitter:label1\" content=\"Tiempo de lectura\" \/>\n\t<meta name=\"twitter:data1\" content=\"2 minutos\" \/>\n<script type=\"application\/ld+json\" class=\"yoast-schema-graph\">{\"@context\":\"https:\/\/schema.org\",\"@graph\":[{\"@type\":\"WebPage\",\"@id\":\"https:\/\/realdecatorcetravel.com\/?page_id=13\",\"url\":\"https:\/\/realdecatorcetravel.com\/?page_id=13\",\"name\":\"Nosotros - realdecatorcetravel.com\",\"isPartOf\":{\"@id\":\"https:\/\/realdecatorcetravel.com\/#website\"},\"primaryImageOfPage\":{\"@id\":\"https:\/\/realdecatorcetravel.com\/?page_id=13#primaryimage\"},\"image\":{\"@id\":\"https:\/\/realdecatorcetravel.com\/?page_id=13#primaryimage\"},\"thumbnailUrl\":\"https:\/\/realdecatorcetravel.com\/wp-content\/uploads\/2025\/10\/cropped-favicon-1.webp\",\"datePublished\":\"2025-10-25T05:15:20+00:00\",\"dateModified\":\"2025-12-02T04:21:37+00:00\",\"breadcrumb\":{\"@id\":\"https:\/\/realdecatorcetravel.com\/?page_id=13#breadcrumb\"},\"inLanguage\":\"es\",\"potentialAction\":[{\"@type\":\"ReadAction\",\"target\":[\"https:\/\/realdecatorcetravel.com\/?page_id=13\"]}]},{\"@type\":\"ImageObject\",\"inLanguage\":\"es\",\"@id\":\"https:\/\/realdecatorcetravel.com\/?page_id=13#primaryimage\",\"url\":\"https:\/\/realdecatorcetravel.com\/wp-content\/uploads\/2025\/10\/cropped-favicon-1.webp\",\"contentUrl\":\"https:\/\/realdecatorcetravel.com\/wp-content\/uploads\/2025\/10\/cropped-favicon-1.webp\",\"width\":512,\"height\":512,\"caption\":\"Logo real de catorce travel6\"},{\"@type\":\"BreadcrumbList\",\"@id\":\"https:\/\/realdecatorcetravel.com\/?page_id=13#breadcrumb\",\"itemListElement\":[{\"@type\":\"ListItem\",\"position\":1,\"name\":\"Inicio\",\"item\":\"https:\/\/realdecatorcetravel.com\/\"},{\"@type\":\"ListItem\",\"position\":2,\"name\":\"Nosotros\"}]},{\"@type\":\"WebSite\",\"@id\":\"https:\/\/realdecatorcetravel.com\/#website\",\"url\":\"https:\/\/realdecatorcetravel.com\/\",\"name\":\"realdecatorcetravel.com\",\"description\":\"Un espacio para conectar a familias con hoteles, restaurantes y experiencias locales, impulsando un turismo cercano y aut\u00e9ntico.\",\"publisher\":{\"@id\":\"https:\/\/realdecatorcetravel.com\/#organization\"},\"potentialAction\":[{\"@type\":\"SearchAction\",\"target\":{\"@type\":\"EntryPoint\",\"urlTemplate\":\"https:\/\/realdecatorcetravel.com\/?s={search_term_string}\"},\"query-input\":{\"@type\":\"PropertyValueSpecification\",\"valueRequired\":true,\"valueName\":\"search_term_string\"}}],\"inLanguage\":\"es\"},{\"@type\":\"Organization\",\"@id\":\"https:\/\/realdecatorcetravel.com\/#organization\",\"name\":\"realdecatorcetravel.com\",\"url\":\"https:\/\/realdecatorcetravel.com\/\",\"logo\":{\"@type\":\"ImageObject\",\"inLanguage\":\"es\",\"@id\":\"https:\/\/realdecatorcetravel.com\/#\/schema\/logo\/image\/\",\"url\":\"https:\/\/realdecatorcetravel.com\/wp-content\/uploads\/2025\/10\/cropped-favicon-1.webp\",\"contentUrl\":\"https:\/\/realdecatorcetravel.com\/wp-content\/uploads\/2025\/10\/cropped-favicon-1.webp\",\"width\":512,\"height\":512,\"caption\":\"realdecatorcetravel.com\"},\"image\":{\"@id\":\"https:\/\/realdecatorcetravel.com\/#\/schema\/logo\/image\/\"}}]}<\/script>\n<!-- \/ Yoast SEO plugin. -->","yoast_head_json":{"title":"Nosotros - realdecatorcetravel.com","robots":{"index":"index","follow":"follow","max-snippet":"max-snippet:-1","max-image-preview":"max-image-preview:large","max-video-preview":"max-video-preview:-1"},"canonical":"https:\/\/realdecatorcetravel.com\/?page_id=13","og_locale":"es_MX","og_type":"article","og_title":"Nosotros - realdecatorcetravel.com","og_description":"Somos un proyecto dedicado a promover la magia de Real de Catorce, compartiendo su historia, cultura y atractivos tur\u00edsticos para que m\u00e1s personas descubran este destino \u00fanico.","og_url":"https:\/\/realdecatorcetravel.com\/?page_id=13","og_site_name":"realdecatorcetravel.com","article_modified_time":"2025-12-02T04:21:37+00:00","og_image":[{"width":512,"height":512,"url":"https:\/\/realdecatorcetravel.com\/wp-content\/uploads\/2025\/10\/cropped-favicon-1.webp","type":"image\/webp"}],"twitter_card":"summary_large_image","twitter_misc":{"Tiempo de lectura":"2 minutos"},"schema":{"@context":"https:\/\/schema.org","@graph":[{"@type":"WebPage","@id":"https:\/\/realdecatorcetravel.com\/?page_id=13","url":"https:\/\/realdecatorcetravel.com\/?page_id=13","name":"Nosotros - realdecatorcetravel.com","isPartOf":{"@id":"https:\/\/realdecatorcetravel.com\/#website"},"primaryImageOfPage":{"@id":"https:\/\/realdecatorcetravel.com\/?page_id=13#primaryimage"},"image":{"@id":"https:\/\/realdecatorcetravel.com\/?page_id=13#primaryimage"},"thumbnailUrl":"https:\/\/realdecatorcetravel.com\/wp-content\/uploads\/2025\/10\/cropped-favicon-1.webp","datePublished":"2025-10-25T05:15:20+00:00","dateModified":"2025-12-02T04:21:37+00:00","breadcrumb":{"@id":"https:\/\/realdecatorcetravel.com\/?page_id=13#breadcrumb"},"inLanguage":"es","potentialAction":[{"@type":"ReadAction","target":["https:\/\/realdecatorcetravel.com\/?page_id=13"]}]},{"@type":"ImageObject","inLanguage":"es","@id":"https:\/\/realdecatorcetravel.com\/?page_id=13#primaryimage","url":"https:\/\/realdecatorcetravel.com\/wp-content\/uploads\/2025\/10\/cropped-favicon-1.webp","contentUrl":"https:\/\/realdecatorcetravel.com\/wp-content\/uploads\/2025\/10\/cropped-favicon-1.webp","width":512,"height":512,"caption":"Logo real de catorce travel6"},{"@type":"BreadcrumbList","@id":"https:\/\/realdecatorcetravel.com\/?page_id=13#breadcrumb","itemListElement":[{"@type":"ListItem","position":1,"name":"Inicio","item":"https:\/\/realdecatorcetravel.com\/"},{"@type":"ListItem","position":2,"name":"Nosotros"}]},{"@type":"WebSite","@id":"https:\/\/realdecatorcetravel.com\/#website","url":"https:\/\/realdecatorcetravel.com\/","name":"realdecatorcetravel.com","description":"Un espacio para conectar a familias con hoteles, restaurantes y experiencias locales, impulsando un turismo cercano y aut\u00e9ntico.","publisher":{"@id":"https:\/\/realdecatorcetravel.com\/#organization"},"potentialAction":[{"@type":"SearchAction","target":{"@type":"EntryPoint","urlTemplate":"https:\/\/realdecatorcetravel.com\/?s={search_term_string}"},"query-input":{"@type":"PropertyValueSpecification","valueRequired":true,"valueName":"search_term_string"}}],"inLanguage":"es"},{"@type":"Organization","@id":"https:\/\/realdecatorcetravel.com\/#organization","name":"realdecatorcetravel.com","url":"https:\/\/realdecatorcetravel.com\/","logo":{"@type":"ImageObject","inLanguage":"es","@id":"https:\/\/realdecatorcetravel.com\/#\/schema\/logo\/image\/","url":"https:\/\/realdecatorcetravel.com\/wp-content\/uploads\/2025\/10\/cropped-favicon-1.webp","contentUrl":"https:\/\/realdecatorcetravel.com\/wp-content\/uploads\/2025\/10\/cropped-favicon-1.webp","width":512,"height":512,"caption":"realdecatorcetravel.com"},"image":{"@id":"https:\/\/realdecatorcetravel.com\/#\/schema\/logo\/image\/"}}]}},"_hostinger_reach_plugin_has_subscription_block":false,"_hostinger_reach_plugin_is_elementor":false,"_links":{"self":[{"href":"https:\/\/realdecatorcetravel.com\/index.php?rest_route=\/wp\/v2\/pages\/13","targetHints":{"allow":["GET"]}}],"collection":[{"href":"https:\/\/realdecatorcetravel.com\/index.php?rest_route=\/wp\/v2\/pages"}],"about":[{"href":"https:\/\/realdecatorcetravel.com\/index.php?rest_route=\/wp\/v2\/types\/page"}],"author":[{"embeddable":true,"href":"https:\/\/realdecatorcetravel.com\/index.php?rest_route=\/wp\/v2\/users\/1"}],"replies":[{"embeddable":true,"href":"https:\/\/realdecatorcetravel.com\/index.php?rest_route=%2Fwp%2Fv2%2Fcomments&post=13"}],"version-history":[{"count":49,"href":"https:\/\/realdecatorcetravel.com\/index.php?rest_route=\/wp\/v2\/pages\/13\/revisions"}],"predecessor-version":[{"id":1469,"href":"https:\/\/realdecatorcetravel.com\/index.php?rest_route=\/wp\/v2\/pages\/13\/revisions\/1469"}],"wp:featuredmedia":[{"embeddable":true,"href":"https:\/\/realdecatorcetravel.com\/index.php?rest_route=\/wp\/v2\/media\/20"}],"wp:attachment":[{"href":"https:\/\/realdecatorcetravel.com\/index.php?rest_route=%2Fwp%2Fv2%2Fmedia&parent=13"}],"curies":[{"name":"wp","href":"https:\/\/api.w.org\/{rel}","templated":true}]}}