{"id":1757,"date":"2026-02-11T02:52:51","date_gmt":"2026-02-11T02:52:51","guid":{"rendered":"https:\/\/realdecatorcetravel.com\/?page_id=1757"},"modified":"2026-03-31T04:46:19","modified_gmt":"2026-03-31T04:46:19","slug":"noticias-2","status":"publish","type":"page","link":"https:\/\/realdecatorcetravel.com\/?page_id=1757","title":{"rendered":"Noticias"},"content":{"rendered":"\t\t<div data-elementor-type=\"wp-page\" data-elementor-id=\"1757\" class=\"elementor elementor-1757\">\n\t\t\t\t<div class=\"elementor-element elementor-element-c6ed5fa e-flex e-con-boxed wpr-particle-no wpr-jarallax-no wpr-parallax-no wpr-sticky-section-no e-con e-parent\" data-id=\"c6ed5fa\" data-element_type=\"container\" data-e-type=\"container\">\n\t\t\t\t\t<div class=\"e-con-inner\">\n\t\t<div class=\"elementor-element elementor-element-d343438 e-con-full e-flex wpr-particle-no wpr-jarallax-no wpr-parallax-no wpr-sticky-section-no e-con e-child\" data-id=\"d343438\" data-element_type=\"container\" data-e-type=\"container\">\n\t\t<div class=\"elementor-element elementor-element-3f8385f e-con-full e-flex wpr-particle-no wpr-jarallax-no wpr-parallax-no wpr-sticky-section-no e-con e-child\" data-id=\"3f8385f\" data-element_type=\"container\" data-e-type=\"container\">\n\t\t<div class=\"elementor-element elementor-element-f3a074a e-con-full e-flex wpr-particle-no wpr-jarallax-no wpr-parallax-no wpr-sticky-section-no e-con e-child\" data-id=\"f3a074a\" data-element_type=\"container\" data-e-type=\"container\">\n\t\t\t\t<div class=\"elementor-element elementor-element-debe63c elementor-widget elementor-widget-heading\" data-id=\"debe63c\" data-element_type=\"widget\" data-e-type=\"widget\" data-widget_type=\"heading.default\">\n\t\t\t\t\t<h1 class=\"elementor-heading-title elementor-size-default\">\u00daLTIMAS NOTICIAS EN REAL DE CATORCE<\/h1>\t\t\t\t<\/div>\n\t\t\t\t<\/div>\n\t\t<div class=\"elementor-element elementor-element-008427a e-con-full e-flex wpr-particle-no wpr-jarallax-no wpr-parallax-no wpr-sticky-section-no e-con e-child\" data-id=\"008427a\" data-element_type=\"container\" data-e-type=\"container\">\n\t\t\t\t<div class=\"elementor-element elementor-element-713f380 elementor-widget elementor-widget-text-editor\" data-id=\"713f380\" data-element_type=\"widget\" data-e-type=\"widget\" data-widget_type=\"text-editor.default\">\n\t\t\t\t\t\t\t\t\t<p>En <strong data-start=\"235\" data-end=\"261\">Real de Catorce Travel<\/strong> te mantenemos informado sobre todo lo que sucede en este ic\u00f3nico Pueblo M\u00e1gico del Altiplano potosino. Desde eventos culturales y festividades tradicionales hasta novedades en hospedaje, gastronom\u00eda y experiencias tur\u00edsticas, aqu\u00ed encontrar\u00e1s informaci\u00f3n actualizada para planear mejor tu visita.<\/p>\t\t\t\t\t\t\t\t<\/div>\n\t\t\t\t<\/div>\n\t\t\t\t<\/div>\n\t\t<div class=\"elementor-element elementor-element-cfefb70 e-con-full e-flex wpr-particle-no wpr-jarallax-no wpr-parallax-no wpr-sticky-section-no e-con e-child\" data-id=\"cfefb70\" data-element_type=\"container\" data-e-type=\"container\" data-settings=\"{&quot;background_background&quot;:&quot;classic&quot;}\">\n\t\t\t\t<div class=\"elementor-element elementor-element-142ae1a elementor-widget elementor-widget-image\" data-id=\"142ae1a\" data-element_type=\"widget\" data-e-type=\"widget\" data-widget_type=\"image.default\">\n\t\t\t\t\t\t\t\t\t\t\t\t\t\t\t<img fetchpriority=\"high\" decoding=\"async\" width=\"800\" height=\"582\" src=\"https:\/\/realdecatorcetravel.com\/wp-content\/uploads\/2026\/02\/noticias_foto-1024x745.png\" class=\"attachment-large size-large wp-image-1826\" alt=\"\" srcset=\"https:\/\/realdecatorcetravel.com\/wp-content\/uploads\/2026\/02\/noticias_foto-1024x745.png 1024w, https:\/\/realdecatorcetravel.com\/wp-content\/uploads\/2026\/02\/noticias_foto-300x218.png 300w, https:\/\/realdecatorcetravel.com\/wp-content\/uploads\/2026\/02\/noticias_foto-768x559.png 768w, https:\/\/realdecatorcetravel.com\/wp-content\/uploads\/2026\/02\/noticias_foto.png 1080w\" sizes=\"(max-width: 800px) 100vw, 800px\" \/>\t\t\t\t\t\t\t\t\t\t\t\t\t\t\t<\/div>\n\t\t\t\t<\/div>\n\t\t\t\t<\/div>\n\t\t\t\t\t<\/div>\n\t\t\t\t<\/div>\n\t\t<div class=\"elementor-element elementor-element-ceeca48 e-flex e-con-boxed wpr-particle-no wpr-jarallax-no wpr-parallax-no wpr-sticky-section-no e-con e-parent\" data-id=\"ceeca48\" data-element_type=\"container\" data-e-type=\"container\">\n\t\t\t\t\t<div class=\"e-con-inner\">\n\t\t\t\t<div class=\"elementor-element elementor-element-8e8a637 elementor-widget elementor-widget-shortcode\" data-id=\"8e8a637\" data-element_type=\"widget\" data-e-type=\"widget\" data-widget_type=\"shortcode.default\">\n\t\t\t\t\t\t\t<div class=\"elementor-shortcode\">    \n    <div class=\"rdc-news-grid\">\n\n    <style>\n    .rdc-news-grid {\n        display: grid;\n        grid-template-columns: repeat(3, 1fr);\n        gap: 20px;\n        margin: 40px 0;\n    }\n\n    .rdc-card {\n        display: block;\n        height: 220px;\n        border-radius: 12px;\n        overflow: hidden;\n        position: relative;\n        text-decoration: none;\n        color: #fff;\n        background: #000;\n    }\n\n    .rdc-card img {\n        width: 100%;\n        height: 100%;\n        object-fit: cover;\n    }\n\n    .rdc-card-overlay {\n        position: absolute;\n        inset: 0;\n        background: linear-gradient(to top, rgba(0,0,0,0.7), transparent);\n    }\n\n    .rdc-card-content {\n        position: absolute;\n        bottom: 15px;\n        left: 15px;\n        right: 15px;\n        z-index: 2;\n    }\n\n    .rdc-card h4 {\n        font-size: 16px;\n        margin: 0;\n    }\n\n    .rdc-card:hover {\n        transform: scale(1.03);\n        transition: 0.3s ease;\n    }\n\n    @media(max-width:768px){\n        .rdc-news-grid {\n            grid-template-columns: 1fr;\n        }\n    }\n    <\/style>\n\n    \n        <a href=\"https:\/\/realdecatorcetravel.com\/?noticias=ruta-de-aventura-4x4-gana-popularidad-entre-turistas\" class=\"rdc-card\">\n\n                            <img loading=\"lazy\" decoding=\"async\" width=\"512\" height=\"512\" src=\"https:\/\/realdecatorcetravel.com\/wp-content\/uploads\/2025\/10\/restaurante-amor-y-paz-05.png\" class=\"attachment-medium_large size-medium_large wp-post-image\" alt=\"restaurante amor y paz-05\" loading=\"lazy\" srcset=\"https:\/\/realdecatorcetravel.com\/wp-content\/uploads\/2025\/10\/restaurante-amor-y-paz-05.png 512w, https:\/\/realdecatorcetravel.com\/wp-content\/uploads\/2025\/10\/restaurante-amor-y-paz-05-300x300.png 300w, https:\/\/realdecatorcetravel.com\/wp-content\/uploads\/2025\/10\/restaurante-amor-y-paz-05-150x150.png 150w\" sizes=\"auto, (max-width: 512px) 100vw, 512px\" \/>            \n            <div class=\"rdc-card-overlay\"><\/div>\n\n            <div class=\"rdc-card-content\">\n                <h4>Ruta de aventura 4&#215;4 gana popularidad entre turistas<\/h4>\n            <\/div>\n\n        <\/a>\n\n        \n        <a href=\"https:\/\/realdecatorcetravel.com\/?noticias=inician-restauracion-de-la-iglesia-de-la-purisima-concepcion\" class=\"rdc-card\">\n\n                            <img loading=\"lazy\" decoding=\"async\" width=\"512\" height=\"512\" src=\"https:\/\/realdecatorcetravel.com\/wp-content\/uploads\/2025\/10\/restaurante-amor-y-paz-07.png\" class=\"attachment-medium_large size-medium_large wp-post-image\" alt=\"restaurante amor y paz-07\" loading=\"lazy\" srcset=\"https:\/\/realdecatorcetravel.com\/wp-content\/uploads\/2025\/10\/restaurante-amor-y-paz-07.png 512w, https:\/\/realdecatorcetravel.com\/wp-content\/uploads\/2025\/10\/restaurante-amor-y-paz-07-300x300.png 300w, https:\/\/realdecatorcetravel.com\/wp-content\/uploads\/2025\/10\/restaurante-amor-y-paz-07-150x150.png 150w\" sizes=\"auto, (max-width: 512px) 100vw, 512px\" \/>            \n            <div class=\"rdc-card-overlay\"><\/div>\n\n            <div class=\"rdc-card-content\">\n                <h4>Inician restauraci\u00f3n de la iglesia de la Pur\u00edsima Concepci\u00f3n<\/h4>\n            <\/div>\n\n        <\/a>\n\n        \n        <a href=\"https:\/\/realdecatorcetravel.com\/?noticias=festival-de-musica-tradicional-regresa-a-real-de-catorce\" class=\"rdc-card\">\n\n                            <img loading=\"lazy\" decoding=\"async\" width=\"512\" height=\"512\" src=\"https:\/\/realdecatorcetravel.com\/wp-content\/uploads\/2025\/11\/fotos-travel-04.png\" class=\"attachment-medium_large size-medium_large wp-post-image\" alt=\"\" loading=\"lazy\" srcset=\"https:\/\/realdecatorcetravel.com\/wp-content\/uploads\/2025\/11\/fotos-travel-04.png 512w, https:\/\/realdecatorcetravel.com\/wp-content\/uploads\/2025\/11\/fotos-travel-04-300x300.png 300w, https:\/\/realdecatorcetravel.com\/wp-content\/uploads\/2025\/11\/fotos-travel-04-150x150.png 150w\" sizes=\"auto, (max-width: 512px) 100vw, 512px\" \/>            \n            <div class=\"rdc-card-overlay\"><\/div>\n\n            <div class=\"rdc-card-content\">\n                <h4>Festival de m\u00fasica tradicional regresa a Real de Catorce<\/h4>\n            <\/div>\n\n        <\/a>\n\n        \n        <a href=\"https:\/\/realdecatorcetravel.com\/?noticias=descubren-nueva-ruta-turistica-en-real-de-catorce\" class=\"rdc-card\">\n\n                            <img loading=\"lazy\" decoding=\"async\" width=\"512\" height=\"512\" src=\"https:\/\/realdecatorcetravel.com\/wp-content\/uploads\/2025\/11\/fotos-travel_Mesa-de-trabajo-1.png\" class=\"attachment-medium_large size-medium_large wp-post-image\" alt=\"\" loading=\"lazy\" srcset=\"https:\/\/realdecatorcetravel.com\/wp-content\/uploads\/2025\/11\/fotos-travel_Mesa-de-trabajo-1.png 512w, https:\/\/realdecatorcetravel.com\/wp-content\/uploads\/2025\/11\/fotos-travel_Mesa-de-trabajo-1-300x300.png 300w, https:\/\/realdecatorcetravel.com\/wp-content\/uploads\/2025\/11\/fotos-travel_Mesa-de-trabajo-1-150x150.png 150w\" sizes=\"auto, (max-width: 512px) 100vw, 512px\" \/>            \n            <div class=\"rdc-card-overlay\"><\/div>\n\n            <div class=\"rdc-card-content\">\n                <h4>Descubren nueva ruta tur\u00edstica en Real de Catorce<\/h4>\n            <\/div>\n\n        <\/a>\n\n        \n    <\/div>\n\n    <\/div>\n\t\t\t\t\t\t<\/div>\n\t\t\t\t\t<\/div>\n\t\t\t\t<\/div>\n\t\t\t\t<\/div>\n\t\t","protected":false},"excerpt":{"rendered":"<p>\u00daLTIMAS NOTICIAS EN REAL DE CATORCE En Real de Catorce Travel te mantenemos informado sobre todo lo que sucede en este ic\u00f3nico Pueblo M\u00e1gico del Altiplano potosino. Desde eventos culturales y festividades tradicionales hasta novedades en hospedaje, gastronom\u00eda y experiencias tur\u00edsticas, aqu\u00ed encontrar\u00e1s informaci\u00f3n actualizada para planear mejor tu visita.<\/p>\n","protected":false},"author":1,"featured_media":0,"parent":0,"menu_order":0,"comment_status":"closed","ping_status":"closed","template":"","meta":{"_acf_changed":false,"footnotes":""},"class_list":["post-1757","page","type-page","status-publish","hentry"],"acf":[],"yoast_head":"<!-- This site is optimized with the Yoast SEO plugin v27.2 - https:\/\/yoast.com\/product\/yoast-seo-wordpress\/ -->\n<title>Noticias - realdecatorcetravel.com<\/title>\n<meta name=\"robots\" content=\"index, follow, max-snippet:-1, max-image-preview:large, max-video-preview:-1\" \/>\n<link rel=\"canonical\" href=\"https:\/\/realdecatorcetravel.com\/?page_id=1757\" \/>\n<meta property=\"og:locale\" content=\"es_MX\" \/>\n<meta property=\"og:type\" content=\"article\" \/>\n<meta property=\"og:title\" content=\"Noticias - realdecatorcetravel.com\" \/>\n<meta property=\"og:description\" content=\"\u00daLTIMAS NOTICIAS EN REAL DE CATORCE En Real de Catorce Travel te mantenemos informado sobre todo lo que sucede en este ic\u00f3nico Pueblo M\u00e1gico del Altiplano potosino. Desde eventos culturales y festividades tradicionales hasta novedades en hospedaje, gastronom\u00eda y experiencias tur\u00edsticas, aqu\u00ed encontrar\u00e1s informaci\u00f3n actualizada para planear mejor tu visita.\" \/>\n<meta property=\"og:url\" content=\"https:\/\/realdecatorcetravel.com\/?page_id=1757\" \/>\n<meta property=\"og:site_name\" content=\"realdecatorcetravel.com\" \/>\n<meta property=\"article:modified_time\" content=\"2026-03-31T04:46:19+00:00\" \/>\n<meta property=\"og:image\" content=\"https:\/\/realdecatorcetravel.com\/wp-content\/uploads\/2026\/02\/noticias_foto.png\" \/>\n\t<meta property=\"og:image:width\" content=\"1080\" \/>\n\t<meta property=\"og:image:height\" content=\"786\" \/>\n\t<meta property=\"og:image:type\" content=\"image\/png\" \/>\n<meta name=\"twitter:card\" content=\"summary_large_image\" \/>\n<meta name=\"twitter:label1\" content=\"Tiempo de lectura\" \/>\n\t<meta name=\"twitter:data1\" content=\"2 minutos\" \/>\n<script type=\"application\/ld+json\" class=\"yoast-schema-graph\">{\"@context\":\"https:\/\/schema.org\",\"@graph\":[{\"@type\":\"WebPage\",\"@id\":\"https:\/\/realdecatorcetravel.com\/?page_id=1757\",\"url\":\"https:\/\/realdecatorcetravel.com\/?page_id=1757\",\"name\":\"Noticias - realdecatorcetravel.com\",\"isPartOf\":{\"@id\":\"https:\/\/realdecatorcetravel.com\/#website\"},\"primaryImageOfPage\":{\"@id\":\"https:\/\/realdecatorcetravel.com\/?page_id=1757#primaryimage\"},\"image\":{\"@id\":\"https:\/\/realdecatorcetravel.com\/?page_id=1757#primaryimage\"},\"thumbnailUrl\":\"https:\/\/realdecatorcetravel.com\/wp-content\/uploads\/2026\/02\/noticias_foto-1024x745.png\",\"datePublished\":\"2026-02-11T02:52:51+00:00\",\"dateModified\":\"2026-03-31T04:46:19+00:00\",\"breadcrumb\":{\"@id\":\"https:\/\/realdecatorcetravel.com\/?page_id=1757#breadcrumb\"},\"inLanguage\":\"es\",\"potentialAction\":[{\"@type\":\"ReadAction\",\"target\":[\"https:\/\/realdecatorcetravel.com\/?page_id=1757\"]}]},{\"@type\":\"ImageObject\",\"inLanguage\":\"es\",\"@id\":\"https:\/\/realdecatorcetravel.com\/?page_id=1757#primaryimage\",\"url\":\"https:\/\/realdecatorcetravel.com\/wp-content\/uploads\/2026\/02\/noticias_foto.png\",\"contentUrl\":\"https:\/\/realdecatorcetravel.com\/wp-content\/uploads\/2026\/02\/noticias_foto.png\",\"width\":1080,\"height\":786},{\"@type\":\"BreadcrumbList\",\"@id\":\"https:\/\/realdecatorcetravel.com\/?page_id=1757#breadcrumb\",\"itemListElement\":[{\"@type\":\"ListItem\",\"position\":1,\"name\":\"Inicio\",\"item\":\"https:\/\/realdecatorcetravel.com\/\"},{\"@type\":\"ListItem\",\"position\":2,\"name\":\"Noticias\"}]},{\"@type\":\"WebSite\",\"@id\":\"https:\/\/realdecatorcetravel.com\/#website\",\"url\":\"https:\/\/realdecatorcetravel.com\/\",\"name\":\"realdecatorcetravel.com\",\"description\":\"Un espacio para conectar a familias con hoteles, restaurantes y experiencias locales, impulsando un turismo cercano y aut\u00e9ntico.\",\"publisher\":{\"@id\":\"https:\/\/realdecatorcetravel.com\/#organization\"},\"potentialAction\":[{\"@type\":\"SearchAction\",\"target\":{\"@type\":\"EntryPoint\",\"urlTemplate\":\"https:\/\/realdecatorcetravel.com\/?s={search_term_string}\"},\"query-input\":{\"@type\":\"PropertyValueSpecification\",\"valueRequired\":true,\"valueName\":\"search_term_string\"}}],\"inLanguage\":\"es\"},{\"@type\":\"Organization\",\"@id\":\"https:\/\/realdecatorcetravel.com\/#organization\",\"name\":\"realdecatorcetravel.com\",\"url\":\"https:\/\/realdecatorcetravel.com\/\",\"logo\":{\"@type\":\"ImageObject\",\"inLanguage\":\"es\",\"@id\":\"https:\/\/realdecatorcetravel.com\/#\/schema\/logo\/image\/\",\"url\":\"https:\/\/realdecatorcetravel.com\/wp-content\/uploads\/2025\/10\/cropped-favicon-1.webp\",\"contentUrl\":\"https:\/\/realdecatorcetravel.com\/wp-content\/uploads\/2025\/10\/cropped-favicon-1.webp\",\"width\":512,\"height\":512,\"caption\":\"realdecatorcetravel.com\"},\"image\":{\"@id\":\"https:\/\/realdecatorcetravel.com\/#\/schema\/logo\/image\/\"}}]}<\/script>\n<!-- \/ Yoast SEO plugin. -->","yoast_head_json":{"title":"Noticias - realdecatorcetravel.com","robots":{"index":"index","follow":"follow","max-snippet":"max-snippet:-1","max-image-preview":"max-image-preview:large","max-video-preview":"max-video-preview:-1"},"canonical":"https:\/\/realdecatorcetravel.com\/?page_id=1757","og_locale":"es_MX","og_type":"article","og_title":"Noticias - realdecatorcetravel.com","og_description":"\u00daLTIMAS NOTICIAS EN REAL DE CATORCE En Real de Catorce Travel te mantenemos informado sobre todo lo que sucede en este ic\u00f3nico Pueblo M\u00e1gico del Altiplano potosino. Desde eventos culturales y festividades tradicionales hasta novedades en hospedaje, gastronom\u00eda y experiencias tur\u00edsticas, aqu\u00ed encontrar\u00e1s informaci\u00f3n actualizada para planear mejor tu visita.","og_url":"https:\/\/realdecatorcetravel.com\/?page_id=1757","og_site_name":"realdecatorcetravel.com","article_modified_time":"2026-03-31T04:46:19+00:00","og_image":[{"width":1080,"height":786,"url":"https:\/\/realdecatorcetravel.com\/wp-content\/uploads\/2026\/02\/noticias_foto.png","type":"image\/png"}],"twitter_card":"summary_large_image","twitter_misc":{"Tiempo de lectura":"2 minutos"},"schema":{"@context":"https:\/\/schema.org","@graph":[{"@type":"WebPage","@id":"https:\/\/realdecatorcetravel.com\/?page_id=1757","url":"https:\/\/realdecatorcetravel.com\/?page_id=1757","name":"Noticias - realdecatorcetravel.com","isPartOf":{"@id":"https:\/\/realdecatorcetravel.com\/#website"},"primaryImageOfPage":{"@id":"https:\/\/realdecatorcetravel.com\/?page_id=1757#primaryimage"},"image":{"@id":"https:\/\/realdecatorcetravel.com\/?page_id=1757#primaryimage"},"thumbnailUrl":"https:\/\/realdecatorcetravel.com\/wp-content\/uploads\/2026\/02\/noticias_foto-1024x745.png","datePublished":"2026-02-11T02:52:51+00:00","dateModified":"2026-03-31T04:46:19+00:00","breadcrumb":{"@id":"https:\/\/realdecatorcetravel.com\/?page_id=1757#breadcrumb"},"inLanguage":"es","potentialAction":[{"@type":"ReadAction","target":["https:\/\/realdecatorcetravel.com\/?page_id=1757"]}]},{"@type":"ImageObject","inLanguage":"es","@id":"https:\/\/realdecatorcetravel.com\/?page_id=1757#primaryimage","url":"https:\/\/realdecatorcetravel.com\/wp-content\/uploads\/2026\/02\/noticias_foto.png","contentUrl":"https:\/\/realdecatorcetravel.com\/wp-content\/uploads\/2026\/02\/noticias_foto.png","width":1080,"height":786},{"@type":"BreadcrumbList","@id":"https:\/\/realdecatorcetravel.com\/?page_id=1757#breadcrumb","itemListElement":[{"@type":"ListItem","position":1,"name":"Inicio","item":"https:\/\/realdecatorcetravel.com\/"},{"@type":"ListItem","position":2,"name":"Noticias"}]},{"@type":"WebSite","@id":"https:\/\/realdecatorcetravel.com\/#website","url":"https:\/\/realdecatorcetravel.com\/","name":"realdecatorcetravel.com","description":"Un espacio para conectar a familias con hoteles, restaurantes y experiencias locales, impulsando un turismo cercano y aut\u00e9ntico.","publisher":{"@id":"https:\/\/realdecatorcetravel.com\/#organization"},"potentialAction":[{"@type":"SearchAction","target":{"@type":"EntryPoint","urlTemplate":"https:\/\/realdecatorcetravel.com\/?s={search_term_string}"},"query-input":{"@type":"PropertyValueSpecification","valueRequired":true,"valueName":"search_term_string"}}],"inLanguage":"es"},{"@type":"Organization","@id":"https:\/\/realdecatorcetravel.com\/#organization","name":"realdecatorcetravel.com","url":"https:\/\/realdecatorcetravel.com\/","logo":{"@type":"ImageObject","inLanguage":"es","@id":"https:\/\/realdecatorcetravel.com\/#\/schema\/logo\/image\/","url":"https:\/\/realdecatorcetravel.com\/wp-content\/uploads\/2025\/10\/cropped-favicon-1.webp","contentUrl":"https:\/\/realdecatorcetravel.com\/wp-content\/uploads\/2025\/10\/cropped-favicon-1.webp","width":512,"height":512,"caption":"realdecatorcetravel.com"},"image":{"@id":"https:\/\/realdecatorcetravel.com\/#\/schema\/logo\/image\/"}}]}},"_hostinger_reach_plugin_has_subscription_block":false,"_hostinger_reach_plugin_is_elementor":false,"_links":{"self":[{"href":"https:\/\/realdecatorcetravel.com\/index.php?rest_route=\/wp\/v2\/pages\/1757","targetHints":{"allow":["GET"]}}],"collection":[{"href":"https:\/\/realdecatorcetravel.com\/index.php?rest_route=\/wp\/v2\/pages"}],"about":[{"href":"https:\/\/realdecatorcetravel.com\/index.php?rest_route=\/wp\/v2\/types\/page"}],"author":[{"embeddable":true,"href":"https:\/\/realdecatorcetravel.com\/index.php?rest_route=\/wp\/v2\/users\/1"}],"replies":[{"embeddable":true,"href":"https:\/\/realdecatorcetravel.com\/index.php?rest_route=%2Fwp%2Fv2%2Fcomments&post=1757"}],"version-history":[{"count":72,"href":"https:\/\/realdecatorcetravel.com\/index.php?rest_route=\/wp\/v2\/pages\/1757\/revisions"}],"predecessor-version":[{"id":2048,"href":"https:\/\/realdecatorcetravel.com\/index.php?rest_route=\/wp\/v2\/pages\/1757\/revisions\/2048"}],"wp:attachment":[{"href":"https:\/\/realdecatorcetravel.com\/index.php?rest_route=%2Fwp%2Fv2%2Fmedia&parent=1757"}],"curies":[{"name":"wp","href":"https:\/\/api.w.org\/{rel}","templated":true}]}}